{"id":84,"date":"2020-07-03T19:30:38","date_gmt":"2020-07-03T22:30:38","guid":{"rendered":"https:\/\/www.aguadbienesraices.com.ar\/emprende\/canvas\/?page_id=84"},"modified":"2021-01-04T19:58:05","modified_gmt":"2021-01-04T22:58:05","slug":"avances-de-obra","status":"publish","type":"page","link":"https:\/\/www.aguadbienesraices.com.ar\/emprendimientos\/nobu-town\/avances-de-obra\/","title":{"rendered":"Avances de Obra"},"content":{"rendered":"<p><div id=\"fotos\"><div class=\"fusion-fullwidth fullwidth-box fusion-builder-row-1 fusion-parallax-fixed nonhundred-percent-fullwidth non-hundred-percent-height-scrolling\"  style='background-color: #ffffff;background-image: url(\"http:\/\/www.aguadbienesraices.com\/emprendimientos\/nobu-town\/wp-content\/uploads\/2021\/01\/1170x644_AvancedeObraNobu\u0301HousingDeptos.jpg\");background-position: center center;background-repeat: no-repeat;padding-top:20%;padding-right:10%;padding-bottom:20%;padding-left:10%;margin-bottom: 0px;margin-top: 0px;-webkit-background-size:cover;-moz-background-size:cover;-o-background-size:cover;background-size:cover;background-attachment:fixed;'><div class=\"fusion-builder-row fusion-row \"><div  class=\"fusion-layout-column fusion_builder_column fusion_builder_column_1_1 fusion-builder-column-0 fusion-one-full fusion-column-first fusion-column-last 1_1\"  style='margin-top:0px;margin-bottom:0px;'><div class=\"fusion-column-wrapper\" style=\"padding: 0px 0px 0px 0px;background-position:left top;background-repeat:no-repeat;-webkit-background-size:cover;-moz-background-size:cover;-o-background-size:cover;background-size:cover;\"   data-bg-url=\"\"><div class=\"fusion-column-content-centered\"><div class=\"fusion-column-content\"><div class=\"fusion-text\"><h2><span style=\"color: #000000;\">AVANCES DE OBRA<\/span><\/h2>\n<\/div><\/div><\/div><div class=\"fusion-clearfix\"><\/div><\/div><\/div><\/div><\/div><\/div><style type=\"text\/css\">.fusion-fullwidth.fusion-builder-row-1 a:not(.fusion-button):not(.fusion-builder-module-control):not(.fusion-social-network-icon):not(.fb-icon-element):not(.fusion-countdown-link):not(.fusion-rollover-link):not(.fusion-rollover-gallery):not(.fusion-button-bar):not(.add_to_cart_button):not(.show_details_button):not(.product_type_external):not(.fusion-quick-view):not(.fusion-rollover-title-link):not(.fusion-breadcrumb-link) , .fusion-fullwidth.fusion-builder-row-1 a:not(.fusion-button):not(.fusion-builder-module-control):not(.fusion-social-network-icon):not(.fb-icon-element):not(.fusion-countdown-link):not(.fusion-rollover-link):not(.fusion-rollover-gallery):not(.fusion-button-bar):not(.add_to_cart_button):not(.show_details_button):not(.product_type_external):not(.fusion-quick-view):not(.fusion-rollover-title-link):not(.fusion-breadcrumb-link):before, .fusion-fullwidth.fusion-builder-row-1 a:not(.fusion-button):not(.fusion-builder-module-control):not(.fusion-social-network-icon):not(.fb-icon-element):not(.fusion-countdown-link):not(.fusion-rollover-link):not(.fusion-rollover-gallery):not(.fusion-button-bar):not(.add_to_cart_button):not(.show_details_button):not(.product_type_external):not(.fusion-quick-view):not(.fusion-rollover-title-link):not(.fusion-breadcrumb-link):after {color: #a77d50;}.fusion-fullwidth.fusion-builder-row-1 a:not(.fusion-button):not(.fusion-builder-module-control):not(.fusion-social-network-icon):not(.fb-icon-element):not(.fusion-countdown-link):not(.fusion-rollover-link):not(.fusion-rollover-gallery):not(.fusion-button-bar):not(.add_to_cart_button):not(.show_details_button):not(.product_type_external):not(.fusion-quick-view):not(.fusion-rollover-title-link):not(.fusion-breadcrumb-link):hover, .fusion-fullwidth.fusion-builder-row-1 a:not(.fusion-button):not(.fusion-builder-module-control):not(.fusion-social-network-icon):not(.fb-icon-element):not(.fusion-countdown-link):not(.fusion-rollover-link):not(.fusion-rollover-gallery):not(.fusion-button-bar):not(.add_to_cart_button):not(.show_details_button):not(.product_type_external):not(.fusion-quick-view):not(.fusion-rollover-title-link):not(.fusion-breadcrumb-link):hover:before, .fusion-fullwidth.fusion-builder-row-1 a:not(.fusion-button):not(.fusion-builder-module-control):not(.fusion-social-network-icon):not(.fb-icon-element):not(.fusion-countdown-link):not(.fusion-rollover-link):not(.fusion-rollover-gallery):not(.fusion-button-bar):not(.add_to_cart_button):not(.show_details_button):not(.product_type_external):not(.fusion-quick-view):not(.fusion-rollover-title-link):not(.fusion-breadcrumb-link):hover:after {color: #1a171b;}.fusion-fullwidth.fusion-builder-row-1 .pagination a.inactive:hover, .fusion-fullwidth.fusion-builder-row-1 .fusion-filters .fusion-filter.fusion-active a {border-color: #1a171b;}.fusion-fullwidth.fusion-builder-row-1 .pagination .current {border-color: #1a171b; background-color: #1a171b;}.fusion-fullwidth.fusion-builder-row-1 .fusion-filters .fusion-filter.fusion-active a, .fusion-fullwidth.fusion-builder-row-1 .fusion-date-and-formats .fusion-format-box, .fusion-fullwidth.fusion-builder-row-1 .fusion-popover, .fusion-fullwidth.fusion-builder-row-1 .tooltip-shortcode {color: #1a171b;}#main .fusion-fullwidth.fusion-builder-row-1 .post .blog-shortcode-post-title a:hover {color: #1a171b;}<\/style><div class=\"fusion-fullwidth fullwidth-box fusion-builder-row-2 nonhundred-percent-fullwidth non-hundred-percent-height-scrolling\"  style='background-color: rgba(255,255,255,0);background-position: center center;background-repeat: no-repeat;padding-top:3%;padding-right:0px;padding-bottom:1%;padding-left:0px;'><div class=\"fusion-builder-row fusion-row \"><div  class=\"fusion-layout-column fusion_builder_column fusion_builder_column_1_1 fusion-builder-column-1 fusion-one-full fusion-column-first fusion-column-last 1_1\"  style='margin-top:0px;margin-bottom:20px;'><div class=\"fusion-column-wrapper\" style=\"padding: 0px 0px 0px 0px;background-position:left top;background-repeat:no-repeat;-webkit-background-size:cover;-moz-background-size:cover;-o-background-size:cover;background-size:cover;\"   data-bg-url=\"\"><div class=\"fusion-text\"><p><strong><span dir=\"auto\">\u00bfQu\u00e9 prioriz\u00e1s cuando est\u00e1s en la b\u00fasqueda de tu nuevo hogar?: \u00bfComodidad?, \u00bfUbicaci\u00f3n?, \u00bfCalidad de espacios y servicios?.<\/span><\/strong><\/p>\n<p><strong><span dir=\"auto\">Tenemos todo eso y M\u00c1S. Asegur\u00e1 tu futuro con esta excelente oportunidad de inversi\u00f3n, que no para de crecer.<\/span><\/strong><\/p>\n<p><strong><span dir=\"auto\">Escribinos a <a href=\"mailto:info@aguadbienesraices.com.ar\">info@aguadbienesraices.com.ar\u00a0<\/a> y te contamos m\u00e1s!<\/span><\/strong><\/p>\n<\/div><div class=\"fusion-clearfix\"><\/div><\/div><\/div><\/div><\/div><style type=\"text\/css\">.fusion-fullwidth.fusion-builder-row-2 a:not(.fusion-button):not(.fusion-builder-module-control):not(.fusion-social-network-icon):not(.fb-icon-element):not(.fusion-countdown-link):not(.fusion-rollover-link):not(.fusion-rollover-gallery):not(.fusion-button-bar):not(.add_to_cart_button):not(.show_details_button):not(.product_type_external):not(.fusion-quick-view):not(.fusion-rollover-title-link):not(.fusion-breadcrumb-link) , .fusion-fullwidth.fusion-builder-row-2 a:not(.fusion-button):not(.fusion-builder-module-control):not(.fusion-social-network-icon):not(.fb-icon-element):not(.fusion-countdown-link):not(.fusion-rollover-link):not(.fusion-rollover-gallery):not(.fusion-button-bar):not(.add_to_cart_button):not(.show_details_button):not(.product_type_external):not(.fusion-quick-view):not(.fusion-rollover-title-link):not(.fusion-breadcrumb-link):before, .fusion-fullwidth.fusion-builder-row-2 a:not(.fusion-button):not(.fusion-builder-module-control):not(.fusion-social-network-icon):not(.fb-icon-element):not(.fusion-countdown-link):not(.fusion-rollover-link):not(.fusion-rollover-gallery):not(.fusion-button-bar):not(.add_to_cart_button):not(.show_details_button):not(.product_type_external):not(.fusion-quick-view):not(.fusion-rollover-title-link):not(.fusion-breadcrumb-link):after {color: #a77d50;}.fusion-fullwidth.fusion-builder-row-2 a:not(.fusion-button):not(.fusion-builder-module-control):not(.fusion-social-network-icon):not(.fb-icon-element):not(.fusion-countdown-link):not(.fusion-rollover-link):not(.fusion-rollover-gallery):not(.fusion-button-bar):not(.add_to_cart_button):not(.show_details_button):not(.product_type_external):not(.fusion-quick-view):not(.fusion-rollover-title-link):not(.fusion-breadcrumb-link):hover, .fusion-fullwidth.fusion-builder-row-2 a:not(.fusion-button):not(.fusion-builder-module-control):not(.fusion-social-network-icon):not(.fb-icon-element):not(.fusion-countdown-link):not(.fusion-rollover-link):not(.fusion-rollover-gallery):not(.fusion-button-bar):not(.add_to_cart_button):not(.show_details_button):not(.product_type_external):not(.fusion-quick-view):not(.fusion-rollover-title-link):not(.fusion-breadcrumb-link):hover:before, .fusion-fullwidth.fusion-builder-row-2 a:not(.fusion-button):not(.fusion-builder-module-control):not(.fusion-social-network-icon):not(.fb-icon-element):not(.fusion-countdown-link):not(.fusion-rollover-link):not(.fusion-rollover-gallery):not(.fusion-button-bar):not(.add_to_cart_button):not(.show_details_button):not(.product_type_external):not(.fusion-quick-view):not(.fusion-rollover-title-link):not(.fusion-breadcrumb-link):hover:after {color: #1a171b;}.fusion-fullwidth.fusion-builder-row-2 .pagination a.inactive:hover, .fusion-fullwidth.fusion-builder-row-2 .fusion-filters .fusion-filter.fusion-active a {border-color: #1a171b;}.fusion-fullwidth.fusion-builder-row-2 .pagination .current {border-color: #1a171b; background-color: #1a171b;}.fusion-fullwidth.fusion-builder-row-2 .fusion-filters .fusion-filter.fusion-active a, .fusion-fullwidth.fusion-builder-row-2 .fusion-date-and-formats .fusion-format-box, .fusion-fullwidth.fusion-builder-row-2 .fusion-popover, .fusion-fullwidth.fusion-builder-row-2 .tooltip-shortcode {color: #1a171b;}#main .fusion-fullwidth.fusion-builder-row-2 .post .blog-shortcode-post-title a:hover {color: #1a171b;}<\/style><div class=\"fusion-fullwidth fullwidth-box fusion-builder-row-3 nonhundred-percent-fullwidth non-hundred-percent-height-scrolling\"  style='background-color: rgba(255,255,255,0);background-position: center center;background-repeat: no-repeat;padding-top:10px;padding-right:10px;padding-bottom:10px;padding-left:10px;margin-bottom: 3%;margin-top: 1%;'><div class=\"fusion-builder-row fusion-row \"><div  class=\"fusion-layout-column fusion_builder_column fusion_builder_column_1_3 fusion-builder-column-2 fusion-one-third fusion-column-first 1_3\"  style='margin-top:0px;margin-bottom:20px;width:33.33%;width:calc(33.33% - ( ( 4% + 4% ) * 0.3333 ) );margin-right: 4%;'><div class=\"fusion-column-wrapper\" style=\"padding: 0px 0px 0px 0px;background-position:left top;background-repeat:no-repeat;-webkit-background-size:cover;-moz-background-size:cover;-o-background-size:cover;background-size:cover;\"   data-bg-url=\"\"><div class=\"fusion-text\"><h5><strong><i class=\"far fa-calendar-alt\"><\/i> Agosto &#8211; 2020<\/strong><\/h5>\n<\/div><div class=\"imageframe-align-center\"><span class=\"fusion-imageframe imageframe-none imageframe-1 hover-type-zoomin\"><a class=\"fusion-no-lightbox\" href=\"https:\/\/www.youtube.com\/watch?v=LE3DF_Iwj3U&amp;feature=emb_title&amp;ab_channel=DakotaDesarrollos\" target=\"_blank\" aria-label=\"Avances de obra\" rel=\"noopener noreferrer\"><img loading=\"lazy\" decoding=\"async\" src=\"http:\/\/www.aguadbienesraices.com\/emprendimientos\/nobu-town\/wp-content\/uploads\/2021\/01\/1170x644_AvancedeObraNobu\u0301HousingDeptos-1.jpg\" width=\"1170\" height=\"644\" alt=\"Avances de obra\" class=\"img-responsive wp-image-604\" srcset=\"https:\/\/www.aguadbienesraices.com.ar\/emprendimientos\/nobu-town\/wp-content\/uploads\/2021\/01\/1170x644_AvancedeObraNobu\u0301HousingDeptos-1-200x110.jpg 200w, https:\/\/www.aguadbienesraices.com.ar\/emprendimientos\/nobu-town\/wp-content\/uploads\/2021\/01\/1170x644_AvancedeObraNobu\u0301HousingDeptos-1-400x220.jpg 400w, https:\/\/www.aguadbienesraices.com.ar\/emprendimientos\/nobu-town\/wp-content\/uploads\/2021\/01\/1170x644_AvancedeObraNobu\u0301HousingDeptos-1-600x330.jpg 600w, https:\/\/www.aguadbienesraices.com.ar\/emprendimientos\/nobu-town\/wp-content\/uploads\/2021\/01\/1170x644_AvancedeObraNobu\u0301HousingDeptos-1-800x440.jpg 800w, https:\/\/www.aguadbienesraices.com.ar\/emprendimientos\/nobu-town\/wp-content\/uploads\/2021\/01\/1170x644_AvancedeObraNobu\u0301HousingDeptos-1.jpg 1170w\" sizes=\"auto, (max-width: 800px) 100vw, 400px\" \/><\/a><\/span><\/div><div class=\"fusion-clearfix\"><\/div><\/div><\/div><div  class=\"fusion-layout-column fusion_builder_column fusion_builder_column_1_3 fusion-builder-column-3 fusion-one-third 1_3\"  style='margin-top:0px;margin-bottom:20px;width:33.33%;width:calc(33.33% - ( ( 4% + 4% ) * 0.3333 ) );margin-right: 4%;'><div class=\"fusion-column-wrapper\" style=\"padding: 0px 0px 0px 0px;background-position:left top;background-repeat:no-repeat;-webkit-background-size:cover;-moz-background-size:cover;-o-background-size:cover;background-size:cover;\"   data-bg-url=\"\"><div class=\"fusion-text\"><h5><strong><i class=\"far fa-calendar-alt\"><\/i> Julio &#8211; 2020<\/strong><\/h5>\n<\/div><div class=\"imageframe-align-center\"><span class=\"fusion-imageframe imageframe-none imageframe-2 hover-type-zoomin\"><a class=\"fusion-no-lightbox\" href=\"https:\/\/www.youtube.com\/watch?v=7CbN4NKEZEI&amp;feature=emb_title&amp;ab_channel=DakotaDesarrollos\" target=\"_blank\" aria-label=\"Avances de obra\" rel=\"noopener noreferrer\"><img loading=\"lazy\" decoding=\"async\" src=\"http:\/\/www.aguadbienesraices.com\/emprendimientos\/nobu-town\/wp-content\/uploads\/2021\/01\/1170x644_AvancedeObraJunioAmenitiesNobu\u0301Housing.jpg\" width=\"1170\" height=\"644\" alt=\"Avances de obra\" class=\"img-responsive wp-image-603\" srcset=\"https:\/\/www.aguadbienesraices.com.ar\/emprendimientos\/nobu-town\/wp-content\/uploads\/2021\/01\/1170x644_AvancedeObraJunioAmenitiesNobu\u0301Housing-200x110.jpg 200w, https:\/\/www.aguadbienesraices.com.ar\/emprendimientos\/nobu-town\/wp-content\/uploads\/2021\/01\/1170x644_AvancedeObraJunioAmenitiesNobu\u0301Housing-400x220.jpg 400w, https:\/\/www.aguadbienesraices.com.ar\/emprendimientos\/nobu-town\/wp-content\/uploads\/2021\/01\/1170x644_AvancedeObraJunioAmenitiesNobu\u0301Housing-600x330.jpg 600w, https:\/\/www.aguadbienesraices.com.ar\/emprendimientos\/nobu-town\/wp-content\/uploads\/2021\/01\/1170x644_AvancedeObraJunioAmenitiesNobu\u0301Housing-800x440.jpg 800w, https:\/\/www.aguadbienesraices.com.ar\/emprendimientos\/nobu-town\/wp-content\/uploads\/2021\/01\/1170x644_AvancedeObraJunioAmenitiesNobu\u0301Housing.jpg 1170w\" sizes=\"auto, (max-width: 800px) 100vw, 400px\" \/><\/a><\/span><\/div><div class=\"fusion-clearfix\"><\/div><\/div><\/div><div  class=\"fusion-layout-column fusion_builder_column fusion_builder_column_1_3 fusion-builder-column-4 fusion-one-third fusion-column-last 1_3\"  style='margin-top:0px;margin-bottom:20px;width:33.33%;width:calc(33.33% - ( ( 4% + 4% ) * 0.3333 ) );'><div class=\"fusion-column-wrapper\" style=\"padding: 0px 0px 0px 0px;background-position:left top;background-repeat:no-repeat;-webkit-background-size:cover;-moz-background-size:cover;-o-background-size:cover;background-size:cover;\"   data-bg-url=\"\"><div class=\"fusion-text\"><h5><strong><i class=\"far fa-calendar-alt\"><\/i> Junio &#8211; 2020<\/strong><\/h5>\n<\/div><div class=\"imageframe-align-center\"><span class=\"fusion-imageframe imageframe-none imageframe-3 hover-type-zoomin\"><a class=\"fusion-no-lightbox\" href=\"https:\/\/www.youtube.com\/watch?v=C5Q7XShQ9c4&amp;feature=emb_title&amp;ab_channel=DakotaDesarrollos\" target=\"_blank\" aria-label=\"Avances de obra\" rel=\"noopener noreferrer\"><img loading=\"lazy\" decoding=\"async\" src=\"http:\/\/www.aguadbienesraices.com\/emprendimientos\/nobu-town\/wp-content\/uploads\/2021\/01\/1170x644_AvancedeObraJulioAmenitiesNobu\u0301Housing.jpg\" width=\"1170\" height=\"644\" alt=\"Avances de obra\" class=\"img-responsive wp-image-602\" srcset=\"https:\/\/www.aguadbienesraices.com.ar\/emprendimientos\/nobu-town\/wp-content\/uploads\/2021\/01\/1170x644_AvancedeObraJulioAmenitiesNobu\u0301Housing-200x110.jpg 200w, https:\/\/www.aguadbienesraices.com.ar\/emprendimientos\/nobu-town\/wp-content\/uploads\/2021\/01\/1170x644_AvancedeObraJulioAmenitiesNobu\u0301Housing-400x220.jpg 400w, https:\/\/www.aguadbienesraices.com.ar\/emprendimientos\/nobu-town\/wp-content\/uploads\/2021\/01\/1170x644_AvancedeObraJulioAmenitiesNobu\u0301Housing-600x330.jpg 600w, https:\/\/www.aguadbienesraices.com.ar\/emprendimientos\/nobu-town\/wp-content\/uploads\/2021\/01\/1170x644_AvancedeObraJulioAmenitiesNobu\u0301Housing-800x440.jpg 800w, https:\/\/www.aguadbienesraices.com.ar\/emprendimientos\/nobu-town\/wp-content\/uploads\/2021\/01\/1170x644_AvancedeObraJulioAmenitiesNobu\u0301Housing.jpg 1170w\" sizes=\"auto, (max-width: 800px) 100vw, 400px\" \/><\/a><\/span><\/div><div class=\"fusion-clearfix\"><\/div><\/div><\/div><\/div><\/div><style type=\"text\/css\">.fusion-fullwidth.fusion-builder-row-3 a:not(.fusion-button):not(.fusion-builder-module-control):not(.fusion-social-network-icon):not(.fb-icon-element):not(.fusion-countdown-link):not(.fusion-rollover-link):not(.fusion-rollover-gallery):not(.fusion-button-bar):not(.add_to_cart_button):not(.show_details_button):not(.product_type_external):not(.fusion-quick-view):not(.fusion-rollover-title-link):not(.fusion-breadcrumb-link) , .fusion-fullwidth.fusion-builder-row-3 a:not(.fusion-button):not(.fusion-builder-module-control):not(.fusion-social-network-icon):not(.fb-icon-element):not(.fusion-countdown-link):not(.fusion-rollover-link):not(.fusion-rollover-gallery):not(.fusion-button-bar):not(.add_to_cart_button):not(.show_details_button):not(.product_type_external):not(.fusion-quick-view):not(.fusion-rollover-title-link):not(.fusion-breadcrumb-link):before, .fusion-fullwidth.fusion-builder-row-3 a:not(.fusion-button):not(.fusion-builder-module-control):not(.fusion-social-network-icon):not(.fb-icon-element):not(.fusion-countdown-link):not(.fusion-rollover-link):not(.fusion-rollover-gallery):not(.fusion-button-bar):not(.add_to_cart_button):not(.show_details_button):not(.product_type_external):not(.fusion-quick-view):not(.fusion-rollover-title-link):not(.fusion-breadcrumb-link):after {color: #a77d50;}.fusion-fullwidth.fusion-builder-row-3 a:not(.fusion-button):not(.fusion-builder-module-control):not(.fusion-social-network-icon):not(.fb-icon-element):not(.fusion-countdown-link):not(.fusion-rollover-link):not(.fusion-rollover-gallery):not(.fusion-button-bar):not(.add_to_cart_button):not(.show_details_button):not(.product_type_external):not(.fusion-quick-view):not(.fusion-rollover-title-link):not(.fusion-breadcrumb-link):hover, .fusion-fullwidth.fusion-builder-row-3 a:not(.fusion-button):not(.fusion-builder-module-control):not(.fusion-social-network-icon):not(.fb-icon-element):not(.fusion-countdown-link):not(.fusion-rollover-link):not(.fusion-rollover-gallery):not(.fusion-button-bar):not(.add_to_cart_button):not(.show_details_button):not(.product_type_external):not(.fusion-quick-view):not(.fusion-rollover-title-link):not(.fusion-breadcrumb-link):hover:before, .fusion-fullwidth.fusion-builder-row-3 a:not(.fusion-button):not(.fusion-builder-module-control):not(.fusion-social-network-icon):not(.fb-icon-element):not(.fusion-countdown-link):not(.fusion-rollover-link):not(.fusion-rollover-gallery):not(.fusion-button-bar):not(.add_to_cart_button):not(.show_details_button):not(.product_type_external):not(.fusion-quick-view):not(.fusion-rollover-title-link):not(.fusion-breadcrumb-link):hover:after {color: #1a171b;}.fusion-fullwidth.fusion-builder-row-3 .pagination a.inactive:hover, .fusion-fullwidth.fusion-builder-row-3 .fusion-filters .fusion-filter.fusion-active a {border-color: #1a171b;}.fusion-fullwidth.fusion-builder-row-3 .pagination .current {border-color: #1a171b; background-color: #1a171b;}.fusion-fullwidth.fusion-builder-row-3 .fusion-filters .fusion-filter.fusion-active a, .fusion-fullwidth.fusion-builder-row-3 .fusion-date-and-formats .fusion-format-box, .fusion-fullwidth.fusion-builder-row-3 .fusion-popover, .fusion-fullwidth.fusion-builder-row-3 .tooltip-shortcode {color: #1a171b;}#main .fusion-fullwidth.fusion-builder-row-3 .post .blog-shortcode-post-title a:hover {color: #1a171b;}<\/style><\/p>\n","protected":false},"excerpt":{"rendered":"","protected":false},"author":1,"featured_media":0,"parent":0,"menu_order":0,"comment_status":"closed","ping_status":"open","template":"100-width.php","meta":{"footnotes":""},"class_list":["post-84","page","type-page","status-publish","hentry"],"yoast_head":"<!-- This site is optimized with the Yoast SEO plugin v25.7 - https:\/\/yoast.com\/wordpress\/plugins\/seo\/ -->\n<title>Avances de Obra - Nob\u016b Town - Un nuevo estilo de vida<\/title>\n<meta name=\"robots\" content=\"index, follow, max-snippet:-1, max-image-preview:large, max-video-preview:-1\" \/>\n<link rel=\"canonical\" href=\"https:\/\/www.aguadbienesraices.com.ar\/emprendimientos\/nobu-town\/avances-de-obra\/\" \/>\n<meta property=\"og:locale\" content=\"es_ES\" \/>\n<meta property=\"og:type\" content=\"article\" \/>\n<meta property=\"og:title\" content=\"Avances de Obra - Nob\u016b Town - Un nuevo estilo de vida\" \/>\n<meta property=\"og:url\" content=\"https:\/\/www.aguadbienesraices.com.ar\/emprendimientos\/nobu-town\/avances-de-obra\/\" \/>\n<meta property=\"og:site_name\" content=\"Nob\u016b Town - Un nuevo estilo de vida\" \/>\n<meta property=\"article:modified_time\" content=\"2021-01-04T22:58:05+00:00\" \/>\n<meta name=\"twitter:card\" content=\"summary_large_image\" \/>\n<meta name=\"twitter:label1\" content=\"Tiempo de lectura\" \/>\n\t<meta name=\"twitter:data1\" content=\"10 minutos\" \/>\n<script type=\"application\/ld+json\" class=\"yoast-schema-graph\">{\"@context\":\"https:\/\/schema.org\",\"@graph\":[{\"@type\":\"WebPage\",\"@id\":\"https:\/\/www.aguadbienesraices.com.ar\/emprendimientos\/nobu-town\/avances-de-obra\/\",\"url\":\"https:\/\/www.aguadbienesraices.com.ar\/emprendimientos\/nobu-town\/avances-de-obra\/\",\"name\":\"Avances de Obra - Nob\u016b Town - Un nuevo estilo de vida\",\"isPartOf\":{\"@id\":\"https:\/\/www.aguadbienesraices.com.ar\/emprendimientos\/nobu-town\/#website\"},\"datePublished\":\"2020-07-03T22:30:38+00:00\",\"dateModified\":\"2021-01-04T22:58:05+00:00\",\"breadcrumb\":{\"@id\":\"https:\/\/www.aguadbienesraices.com.ar\/emprendimientos\/nobu-town\/avances-de-obra\/#breadcrumb\"},\"inLanguage\":\"es-AR\",\"potentialAction\":[{\"@type\":\"ReadAction\",\"target\":[\"https:\/\/www.aguadbienesraices.com.ar\/emprendimientos\/nobu-town\/avances-de-obra\/\"]}]},{\"@type\":\"BreadcrumbList\",\"@id\":\"https:\/\/www.aguadbienesraices.com.ar\/emprendimientos\/nobu-town\/avances-de-obra\/#breadcrumb\",\"itemListElement\":[{\"@type\":\"ListItem\",\"position\":1,\"name\":\"Inicio\",\"item\":\"https:\/\/www.aguadbienesraices.com.ar\/emprendimientos\/nobu-town\/\"},{\"@type\":\"ListItem\",\"position\":2,\"name\":\"Avances de Obra\"}]},{\"@type\":\"WebSite\",\"@id\":\"https:\/\/www.aguadbienesraices.com.ar\/emprendimientos\/nobu-town\/#website\",\"url\":\"https:\/\/www.aguadbienesraices.com.ar\/emprendimientos\/nobu-town\/\",\"name\":\"Nob\u016b Town - Un nuevo estilo de vida\",\"description\":\"Aguad Bienes Ra\u00edces\",\"potentialAction\":[{\"@type\":\"SearchAction\",\"target\":{\"@type\":\"EntryPoint\",\"urlTemplate\":\"https:\/\/www.aguadbienesraices.com.ar\/emprendimientos\/nobu-town\/?s={search_term_string}\"},\"query-input\":{\"@type\":\"PropertyValueSpecification\",\"valueRequired\":true,\"valueName\":\"search_term_string\"}}],\"inLanguage\":\"es-AR\"}]}<\/script>\n<!-- \/ Yoast SEO plugin. -->","yoast_head_json":{"title":"Avances de Obra - Nob\u016b Town - Un nuevo estilo de vida","robots":{"index":"index","follow":"follow","max-snippet":"max-snippet:-1","max-image-preview":"max-image-preview:large","max-video-preview":"max-video-preview:-1"},"canonical":"https:\/\/www.aguadbienesraices.com.ar\/emprendimientos\/nobu-town\/avances-de-obra\/","og_locale":"es_ES","og_type":"article","og_title":"Avances de Obra - Nob\u016b Town - Un nuevo estilo de vida","og_url":"https:\/\/www.aguadbienesraices.com.ar\/emprendimientos\/nobu-town\/avances-de-obra\/","og_site_name":"Nob\u016b Town - Un nuevo estilo de vida","article_modified_time":"2021-01-04T22:58:05+00:00","twitter_card":"summary_large_image","twitter_misc":{"Tiempo de lectura":"10 minutos"},"schema":{"@context":"https:\/\/schema.org","@graph":[{"@type":"WebPage","@id":"https:\/\/www.aguadbienesraices.com.ar\/emprendimientos\/nobu-town\/avances-de-obra\/","url":"https:\/\/www.aguadbienesraices.com.ar\/emprendimientos\/nobu-town\/avances-de-obra\/","name":"Avances de Obra - Nob\u016b Town - Un nuevo estilo de vida","isPartOf":{"@id":"https:\/\/www.aguadbienesraices.com.ar\/emprendimientos\/nobu-town\/#website"},"datePublished":"2020-07-03T22:30:38+00:00","dateModified":"2021-01-04T22:58:05+00:00","breadcrumb":{"@id":"https:\/\/www.aguadbienesraices.com.ar\/emprendimientos\/nobu-town\/avances-de-obra\/#breadcrumb"},"inLanguage":"es-AR","potentialAction":[{"@type":"ReadAction","target":["https:\/\/www.aguadbienesraices.com.ar\/emprendimientos\/nobu-town\/avances-de-obra\/"]}]},{"@type":"BreadcrumbList","@id":"https:\/\/www.aguadbienesraices.com.ar\/emprendimientos\/nobu-town\/avances-de-obra\/#breadcrumb","itemListElement":[{"@type":"ListItem","position":1,"name":"Inicio","item":"https:\/\/www.aguadbienesraices.com.ar\/emprendimientos\/nobu-town\/"},{"@type":"ListItem","position":2,"name":"Avances de Obra"}]},{"@type":"WebSite","@id":"https:\/\/www.aguadbienesraices.com.ar\/emprendimientos\/nobu-town\/#website","url":"https:\/\/www.aguadbienesraices.com.ar\/emprendimientos\/nobu-town\/","name":"Nob\u016b Town - Un nuevo estilo de vida","description":"Aguad Bienes Ra\u00edces","potentialAction":[{"@type":"SearchAction","target":{"@type":"EntryPoint","urlTemplate":"https:\/\/www.aguadbienesraices.com.ar\/emprendimientos\/nobu-town\/?s={search_term_string}"},"query-input":{"@type":"PropertyValueSpecification","valueRequired":true,"valueName":"search_term_string"}}],"inLanguage":"es-AR"}]}},"_links":{"self":[{"href":"https:\/\/www.aguadbienesraices.com.ar\/emprendimientos\/nobu-town\/wp-json\/wp\/v2\/pages\/84","targetHints":{"allow":["GET"]}}],"collection":[{"href":"https:\/\/www.aguadbienesraices.com.ar\/emprendimientos\/nobu-town\/wp-json\/wp\/v2\/pages"}],"about":[{"href":"https:\/\/www.aguadbienesraices.com.ar\/emprendimientos\/nobu-town\/wp-json\/wp\/v2\/types\/page"}],"author":[{"embeddable":true,"href":"https:\/\/www.aguadbienesraices.com.ar\/emprendimientos\/nobu-town\/wp-json\/wp\/v2\/users\/1"}],"replies":[{"embeddable":true,"href":"https:\/\/www.aguadbienesraices.com.ar\/emprendimientos\/nobu-town\/wp-json\/wp\/v2\/comments?post=84"}],"version-history":[{"count":17,"href":"https:\/\/www.aguadbienesraices.com.ar\/emprendimientos\/nobu-town\/wp-json\/wp\/v2\/pages\/84\/revisions"}],"predecessor-version":[{"id":608,"href":"https:\/\/www.aguadbienesraices.com.ar\/emprendimientos\/nobu-town\/wp-json\/wp\/v2\/pages\/84\/revisions\/608"}],"wp:attachment":[{"href":"https:\/\/www.aguadbienesraices.com.ar\/emprendimientos\/nobu-town\/wp-json\/wp\/v2\/media?parent=84"}],"curies":[{"name":"wp","href":"https:\/\/api.w.org\/{rel}","templated":true}]}}