{"id":33770,"date":"2024-01-17T12:18:23","date_gmt":"2024-01-17T15:18:23","guid":{"rendered":"https:\/\/www.aguadbienesraices.com.ar\/blog\/?page_id=33770"},"modified":"2024-01-17T12:21:54","modified_gmt":"2024-01-17T15:21:54","slug":"requisitos-alquileres","status":"publish","type":"page","link":"https:\/\/www.aguadbienesraices.com.ar\/blog\/requisitos-alquileres\/","title":{"rendered":"Requisitos &#8211; Alquileres"},"content":{"rendered":"<p><div class=\"fusion-fullwidth fullwidth-box fusion-builder-row-1 fusion-flex-container nonhundred-percent-fullwidth non-hundred-percent-height-scrolling\" style=\"background-color: rgba(255,255,255,0);background-position: center center;background-repeat: no-repeat;border-width: 0px 0px 0px 0px;border-color:#e2e2e2;border-style:solid;\" ><div class=\"fusion-builder-row fusion-row fusion-flex-align-items-flex-start\" style=\"max-width:1258.4px;margin-left: calc(-4% \/ 2 );margin-right: calc(-4% \/ 2 );\"><div class=\"fusion-layout-column fusion_builder_column fusion-builder-column-0 fusion_builder_column_1_1 1_1 fusion-flex-column\"><div class=\"fusion-column-wrapper fusion-flex-justify-content-flex-start fusion-content-layout-column\" style=\"background-position:left top;background-repeat:no-repeat;-webkit-background-size:cover;-moz-background-size:cover;-o-background-size:cover;background-size:cover;padding: 0px 0px 0px 0px;\"><div class=\"fusion-text fusion-text-1\" id=\"pf-alquileres\"><h3 style=\"text-align: center;\"><strong>REQUISITOS<\/strong><\/h3>\n<\/div><div class=\"fusion-text fusion-text-2\"><p>Para realizar una operaci\u00f3n de Alquiler de vivienda, es necesario que el locatario (titular) demuestre solvencia para hacer frente al mismo. Como as\u00ed tambi\u00e9n tres personas que se responsabilicen por aquel, con recibo de sueldo preferentemente. Existe la posibilidad de que alguna persona presente un bien inmueble inscripto en el registro de la propiedad inmueble a su nombre, no pudiendo constar en el dominio de dicha propiedad, hipotecas, embargos, usufructos, ni bien de familia. Los inmuebles en alquiler se alquilan con garant\u00edas como requisito excluyente.<\/p>\n<p><strong><u>\u00a0<\/u><\/strong><\/p>\n<p><strong><u>DOCUMENTACI\u00d3N.<\/u><\/strong><\/p>\n<p><strong>LOCATARIO \/ TITULAR<\/strong>:<\/p>\n<p>Es a nombre de quien se realiza el contrato de locaci\u00f3n, quien deber\u00e1 demostrar solvencia para hacer frente a dichos gastos.<\/p>\n<p><em>\u00a0<\/em><em>Persona F\u00edsica<\/em>: &#8211; DNI (primera y segunda hoja); &#8211; Recibo de sueldo (\u00faltimas dos hojas). En caso de ser monotributista o responsable inscripto deber\u00e1 presentar certificaci\u00f3n de ingresos realizada por contador p\u00fablico y rubricada por el colegio de Contadores; en caso de ya haber alquilado donde alquilaron para pedir referencias.<\/p>\n<p><strong>GARANTES:<\/strong><\/p>\n<p>Son tres (3) personas distintas al titular, <em>preferentemente <\/em>de la Provincia de C\u00f3rdoba.<\/p>\n<ul>\n<li><u>Recibo de Sueldo<\/u>:<\/li>\n<\/ul>\n<p style=\"padding-left: 40px;\">-Fotocopia del DNI;<\/p>\n<p style=\"padding-left: 40px;\">&#8211; Fotocopia de los dos \u00faltimos recibos;<\/p>\n<p style=\"padding-left: 40px;\">-Fotocopia de un servicio;<\/p>\n<p style=\"padding-left: 40px;\">\u00a0-Domicilio Real y tel\u00e9fonos.<\/p>\n<p>\u00a0-Nota: los montos y la antig\u00fcedad var\u00edan de acuerdo a la propiedad a alquiler.<\/p>\n<ul>\n<li><u>Propietario<\/u>: Debe ser titular de un inmueble escriturado a su nombre no pudiendo constar en el dominio de dicha propiedad, hipotecas, embargos, usufructos, bien de familia. Y debe presentar:<\/li>\n<\/ul>\n<p style=\"padding-left: 40px;\">\u00a0-Fotocopia del DNI;<\/p>\n<p style=\"padding-left: 40px;\">-Fotocopia de la Escritura;<\/p>\n<p style=\"padding-left: 40px;\">-Fotocopia de un Impuesto (de la propiedad) y un servicio (que figure a nombre del titular),<\/p>\n<p style=\"padding-left: 40px;\">-Domicilio Real y Tel\u00e9fono;<\/p>\n<p style=\"padding-left: 40px;\">-Nota: El inmueble debe encontrarse inscripto en el registro de la Propiedad inmueble a su nombre, no pudiendo constar en el dominio de dicha propiedad, hipotecas, embargos, usufructos, bien de familia.<\/p>\n<p>En caso de ser vivienda \u00fanica deber\u00e1 firmar escrito de inembargabilidad. Del mismo modo, en caso de ser de estado civil casado, deber\u00e1 independientemente de que el bien sea propio o no, prestar su c\u00f3nyuge asentimiento para la firma del contrato de locaci\u00f3n.<\/p>\n<p>LOS REQUISITOS SON GENERALES Y QUEDAN SUPEDITADOS A LA APROBACION DEL PROPIETARIO.<\/p>\n<p>Por m\u00e1s asesoramiento con respecto a la realizaci\u00f3n de una operaci\u00f3n de alquiler, adem\u00e1s de llamar a un asesor, podes ingresar a nuestras preguntas frecuentes y obtener m\u00e1s informaci\u00f3n.<\/p>\n<\/div><\/div><style type=\"text\/css\">.fusion-body .fusion-builder-column-0{width:100% !important;margin-top : 0px;margin-bottom : 20px;}.fusion-builder-column-0 > .fusion-column-wrapper {padding-top : 0px !important;padding-right : 0px !important;margin-right : 1.92%;padding-bottom : 0px !important;padding-left : 0px !important;margin-left : 1.92%;}@media only screen and (max-width:1024px) {.fusion-body .fusion-builder-column-0{width:100% !important;order : 0;}.fusion-builder-column-0 > .fusion-column-wrapper {margin-right : 1.92%;margin-left : 1.92%;}}@media only screen and (max-width:640px) {.fusion-body .fusion-builder-column-0{width:100% !important;order : 0;}.fusion-builder-column-0 > .fusion-column-wrapper {margin-right : 1.92%;margin-left : 1.92%;}}<\/style><\/div><\/div><style type=\"text\/css\">.fusion-body .fusion-flex-container.fusion-builder-row-1{ padding-top : 0px;margin-top : 0px;padding-right : 0px;padding-bottom : 0px;margin-bottom : 0px;padding-left : 0px;}<\/style><\/div><div class=\"fusion-fullwidth fullwidth-box fusion-builder-row-2 fusion-flex-container nonhundred-percent-fullwidth non-hundred-percent-height-scrolling\" style=\"background-color: #f9f9f9;background-position: center center;background-repeat: no-repeat;border-width: 0px 0px 0px 0px;border-color:#e2e2e2;border-style:solid;\" ><div class=\"fusion-builder-row fusion-row fusion-flex-align-items-flex-start\" style=\"max-width:1258.4px;margin-left: calc(-4% \/ 2 );margin-right: calc(-4% \/ 2 );\"><div class=\"fusion-layout-column fusion_builder_column fusion-builder-column-1 fusion_builder_column_1_1 1_1 fusion-flex-column\"><div class=\"fusion-column-wrapper fusion-flex-justify-content-flex-start fusion-content-layout-column\" style=\"background-position:left top;background-repeat:no-repeat;-webkit-background-size:cover;-moz-background-size:cover;-o-background-size:cover;background-size:cover;padding: 0px 0px 0px 0px;\"><div class=\"fusion-text fusion-text-3\"><p style=\"text-align: center;\"><strong>Dudas y preguntas? Te invitamos a que consultes nuestras secciones de Preguntas Frecuentes Respondidas:<\/strong><\/p>\n<\/div><\/div><style type=\"text\/css\">.fusion-body .fusion-builder-column-1{width:100% !important;margin-top : 20px;margin-bottom : 20px;}.fusion-builder-column-1 > .fusion-column-wrapper {padding-top : 0px !important;padding-right : 0px !important;margin-right : 1.92%;padding-bottom : 0px !important;padding-left : 0px !important;margin-left : 1.92%;}@media only screen and (max-width:1024px) {.fusion-body .fusion-builder-column-1{width:100% !important;order : 0;}.fusion-builder-column-1 > .fusion-column-wrapper {margin-right : 1.92%;margin-left : 1.92%;}}@media only screen and (max-width:640px) {.fusion-body .fusion-builder-column-1{width:100% !important;order : 0;}.fusion-builder-column-1 > .fusion-column-wrapper {margin-right : 1.92%;margin-left : 1.92%;}}<\/style><\/div><div class=\"fusion-layout-column fusion_builder_column fusion-builder-column-2 fusion_builder_column_1_3 1_3 fusion-flex-column\"><div class=\"fusion-column-wrapper fusion-flex-justify-content-flex-start fusion-content-layout-column\" style=\"background-position:left top;background-repeat:no-repeat;-webkit-background-size:cover;-moz-background-size:cover;-o-background-size:cover;background-size:cover;padding: 0px 0px 0px 0px;\"><div style=\"text-align:center;\"><style type=\"text\/css\">.fusion-button.button-1 {border-radius:4px;}.fusion-button.button-1 .fusion-button-text {text-transform:uppercase;}<\/style><a class=\"fusion-button button-flat fusion-button-default-size button-default button-1 fusion-button-default-span fusion-button-default-type\" target=\"_self\" href=\"https:\/\/www.aguadbienesraices.com.ar\/blog\/preguntas-frecuentes-respondidas\/\" style=\"margin-top:10px;margin-bottom:10px;\"><span class=\"fusion-button-text\">Administraci\u00f3n<\/span><\/a><\/div><\/div><style type=\"text\/css\">.fusion-body .fusion-builder-column-2{width:33.333333333333% !important;margin-top : 0px;margin-bottom : 20px;}.fusion-builder-column-2 > .fusion-column-wrapper {padding-top : 0px !important;padding-right : 0px !important;margin-right : 5.76%;padding-bottom : 0px !important;padding-left : 0px !important;margin-left : 5.76%;}@media only screen and (max-width:1024px) {.fusion-body .fusion-builder-column-2{width:33.333333333333% !important;order : 0;}.fusion-builder-column-2 > .fusion-column-wrapper {margin-right : 5.76%;margin-left : 5.76%;}}@media only screen and (max-width:640px) {.fusion-body .fusion-builder-column-2{width:100% !important;order : 0;}.fusion-builder-column-2 > .fusion-column-wrapper {margin-right : 1.92%;margin-left : 1.92%;}}<\/style><\/div><div class=\"fusion-layout-column fusion_builder_column fusion-builder-column-3 fusion_builder_column_1_3 1_3 fusion-flex-column\"><div class=\"fusion-column-wrapper fusion-flex-justify-content-flex-start fusion-content-layout-column\" style=\"background-position:left top;background-repeat:no-repeat;-webkit-background-size:cover;-moz-background-size:cover;-o-background-size:cover;background-size:cover;padding: 0px 0px 0px 0px;\"><div style=\"text-align:center;\"><style type=\"text\/css\">.fusion-button.button-2 {border-radius:4px;}.fusion-button.button-2 .fusion-button-text {text-transform:uppercase;}<\/style><a class=\"fusion-button button-flat fusion-button-default-size button-default button-2 fusion-button-default-span fusion-button-default-type\" target=\"_self\" href=\"https:\/\/www.aguadbienesraices.com.ar\/blog\/preguntas-frecuentes-alquileres\" style=\"margin-top:10px;margin-bottom:10px;\"><span class=\"fusion-button-text\">Alquileres<\/span><\/a><\/div><\/div><style type=\"text\/css\">.fusion-body .fusion-builder-column-3{width:33.333333333333% !important;margin-top : 0px;margin-bottom : 20px;}.fusion-builder-column-3 > .fusion-column-wrapper {padding-top : 0px !important;padding-right : 0px !important;margin-right : 5.76%;padding-bottom : 0px !important;padding-left : 0px !important;margin-left : 5.76%;}@media only screen and (max-width:1024px) {.fusion-body .fusion-builder-column-3{width:33.333333333333% !important;order : 0;}.fusion-builder-column-3 > .fusion-column-wrapper {margin-right : 5.76%;margin-left : 5.76%;}}@media only screen and (max-width:640px) {.fusion-body .fusion-builder-column-3{width:100% !important;order : 0;}.fusion-builder-column-3 > .fusion-column-wrapper {margin-right : 1.92%;margin-left : 1.92%;}}<\/style><\/div><div class=\"fusion-layout-column fusion_builder_column fusion-builder-column-4 fusion_builder_column_1_3 1_3 fusion-flex-column\"><div class=\"fusion-column-wrapper fusion-flex-justify-content-flex-start fusion-content-layout-column\" style=\"background-position:left top;background-repeat:no-repeat;-webkit-background-size:cover;-moz-background-size:cover;-o-background-size:cover;background-size:cover;padding: 0px 0px 0px 0px;\"><div style=\"text-align:center;\"><style type=\"text\/css\">.fusion-button.button-3 {border-radius:4px;}.fusion-button.button-3 .fusion-button-text {text-transform:uppercase;}<\/style><a class=\"fusion-button button-flat fusion-button-default-size button-default button-3 fusion-button-default-span fusion-button-default-type\" target=\"_self\" href=\"https:\/\/www.aguadbienesraices.com.ar\/blog\/preguntas-frecuentes-venta\" style=\"margin-top:10px;margin-bottom:10px;\"><span class=\"fusion-button-text\">Venta<\/span><\/a><\/div><\/div><style type=\"text\/css\">.fusion-body .fusion-builder-column-4{width:33.333333333333% !important;margin-top : 0px;margin-bottom : 20px;}.fusion-builder-column-4 > .fusion-column-wrapper {padding-top : 0px !important;padding-right : 0px !important;margin-right : 5.76%;padding-bottom : 0px !important;padding-left : 0px !important;margin-left : 5.76%;}@media only screen and (max-width:1024px) {.fusion-body .fusion-builder-column-4{width:33.333333333333% !important;order : 0;}.fusion-builder-column-4 > .fusion-column-wrapper {margin-right : 5.76%;margin-left : 5.76%;}}@media only screen and (max-width:640px) {.fusion-body .fusion-builder-column-4{width:100% !important;order : 0;}.fusion-builder-column-4 > .fusion-column-wrapper {margin-right : 1.92%;margin-left : 1.92%;}}<\/style><\/div><div class=\"fusion-layout-column fusion_builder_column fusion-builder-column-5 fusion_builder_column_1_1 1_1 fusion-flex-column\"><div class=\"fusion-column-wrapper fusion-flex-justify-content-flex-start fusion-content-layout-column\" style=\"background-position:left top;background-repeat:no-repeat;-webkit-background-size:cover;-moz-background-size:cover;-o-background-size:cover;background-size:cover;padding: 0px 0px 0px 0px;\"><div class=\"fusion-text fusion-text-4\"><p><strong>En caso, de que creas que haya alguna pregunta frecuente que no hayamos colocado, y creas que ser\u00eda importante que este, por favor, d\u00e9janosla para que la analicemos y veamos la posibilidad de agregarla. Muchas Gracias.<\/strong><\/p>\n<\/div><\/div><style type=\"text\/css\">.fusion-body .fusion-builder-column-5{width:100% !important;margin-top : 3%;margin-bottom : 20px;}.fusion-builder-column-5 > .fusion-column-wrapper {padding-top : 0px !important;padding-right : 0px !important;margin-right : 1.92%;padding-bottom : 0px !important;padding-left : 0px !important;margin-left : 1.92%;}@media only screen and (max-width:1024px) {.fusion-body .fusion-builder-column-5{width:100% !important;order : 0;}.fusion-builder-column-5 > .fusion-column-wrapper {margin-right : 1.92%;margin-left : 1.92%;}}@media only screen and (max-width:640px) {.fusion-body .fusion-builder-column-5{width:100% !important;order : 0;}.fusion-builder-column-5 > .fusion-column-wrapper {margin-right : 1.92%;margin-left : 1.92%;}}<\/style><\/div><\/div><style type=\"text\/css\">.fusion-body .fusion-flex-container.fusion-builder-row-2{ padding-top : 2%;margin-top : 10px;padding-right : 2%;padding-bottom : 2%;margin-bottom : 0px;padding-left : 2%;}<\/style><\/div><\/p>\n","protected":false},"excerpt":{"rendered":"","protected":false},"author":1,"featured_media":0,"parent":0,"menu_order":0,"comment_status":"closed","ping_status":"closed","template":"","meta":{"footnotes":""},"class_list":["post-33770","page","type-page","status-publish","hentry"],"_links":{"self":[{"href":"https:\/\/www.aguadbienesraices.com.ar\/blog\/wp-json\/wp\/v2\/pages\/33770","targetHints":{"allow":["GET"]}}],"collection":[{"href":"https:\/\/www.aguadbienesraices.com.ar\/blog\/wp-json\/wp\/v2\/pages"}],"about":[{"href":"https:\/\/www.aguadbienesraices.com.ar\/blog\/wp-json\/wp\/v2\/types\/page"}],"author":[{"embeddable":true,"href":"https:\/\/www.aguadbienesraices.com.ar\/blog\/wp-json\/wp\/v2\/users\/1"}],"replies":[{"embeddable":true,"href":"https:\/\/www.aguadbienesraices.com.ar\/blog\/wp-json\/wp\/v2\/comments?post=33770"}],"version-history":[{"count":3,"href":"https:\/\/www.aguadbienesraices.com.ar\/blog\/wp-json\/wp\/v2\/pages\/33770\/revisions"}],"predecessor-version":[{"id":33773,"href":"https:\/\/www.aguadbienesraices.com.ar\/blog\/wp-json\/wp\/v2\/pages\/33770\/revisions\/33773"}],"wp:attachment":[{"href":"https:\/\/www.aguadbienesraices.com.ar\/blog\/wp-json\/wp\/v2\/media?parent=33770"}],"curies":[{"name":"wp","href":"https:\/\/api.w.org\/{rel}","templated":true}]}}