{"id":33654,"date":"2023-04-11T10:19:57","date_gmt":"2023-04-11T13:19:57","guid":{"rendered":"https:\/\/www.aguadbienesraices.com.ar\/blog\/?page_id=33654"},"modified":"2026-01-06T06:53:13","modified_gmt":"2026-01-06T09:53:13","slug":"preguntas-frecuentes-venta","status":"publish","type":"page","link":"https:\/\/www.aguadbienesraices.com.ar\/blog\/preguntas-frecuentes-venta\/","title":{"rendered":"Preguntas Frecuentes Respondidas &#8211; Venta"},"content":{"rendered":"<p><div class=\"fusion-fullwidth fullwidth-box fusion-builder-row-1 fusion-flex-container nonhundred-percent-fullwidth non-hundred-percent-height-scrolling\" style=\"background-color: rgba(255,255,255,0);background-position: center center;background-repeat: no-repeat;border-width: 0px 0px 0px 0px;border-color:#e2e2e2;border-style:solid;\" ><div class=\"fusion-builder-row fusion-row fusion-flex-align-items-flex-start\" style=\"max-width:1258.4px;margin-left: calc(-4% \/ 2 );margin-right: calc(-4% \/ 2 );\"><div class=\"fusion-layout-column fusion_builder_column fusion-builder-column-0 fusion_builder_column_1_1 1_1 fusion-flex-column\"><div class=\"fusion-column-wrapper fusion-flex-justify-content-flex-start fusion-content-layout-column\" style=\"background-position:left top;background-repeat:no-repeat;-webkit-background-size:cover;-moz-background-size:cover;-o-background-size:cover;background-size:cover;padding: 0px 0px 0px 0px;\"><div class=\"fusion-text fusion-text-1\"><div class=\"wpb_text_column wpb_content_element \">\n<div class=\"wpb_wrapper\">\n<p><strong>En esta secci\u00f3n te dejamos algunas consultas y respuestas frecuentes que surgen sobre:<\/strong><\/p>\n<\/div>\n<\/div>\n<div class=\"wpb_text_column wpb_content_element \">\n<div class=\"wpb_wrapper\"><\/div>\n<\/div>\n<\/div><\/div><style type=\"text\/css\">.fusion-body .fusion-builder-column-0{width:100% !important;margin-top : 0px;margin-bottom : 20px;}.fusion-builder-column-0 > .fusion-column-wrapper {padding-top : 0px !important;padding-right : 0px !important;margin-right : 1.92%;padding-bottom : 0px !important;padding-left : 0px !important;margin-left : 1.92%;}@media only screen and (max-width:1024px) {.fusion-body .fusion-builder-column-0{width:100% !important;order : 0;}.fusion-builder-column-0 > .fusion-column-wrapper {margin-right : 1.92%;margin-left : 1.92%;}}@media only screen and (max-width:640px) {.fusion-body .fusion-builder-column-0{width:100% !important;order : 0;}.fusion-builder-column-0 > .fusion-column-wrapper {margin-right : 1.92%;margin-left : 1.92%;}}<\/style><\/div><\/div><style type=\"text\/css\">.fusion-body .fusion-flex-container.fusion-builder-row-1{ padding-top : 0px;margin-top : 0px;padding-right : 0px;padding-bottom : 0px;margin-bottom : 0px;padding-left : 0px;}<\/style><\/div><div class=\"fusion-fullwidth fullwidth-box fusion-builder-row-2 fusion-flex-container nonhundred-percent-fullwidth non-hundred-percent-height-scrolling\" style=\"background-color: rgba(255,255,255,0);background-position: center center;background-repeat: no-repeat;border-width: 0px 0px 0px 0px;border-color:#e2e2e2;border-style:solid;\" ><div class=\"fusion-builder-row fusion-row fusion-flex-align-items-flex-start\" style=\"max-width:1258.4px;margin-left: calc(-4% \/ 2 );margin-right: calc(-4% \/ 2 );\"><div class=\"fusion-layout-column fusion_builder_column fusion-builder-column-1 fusion_builder_column_1_1 1_1 fusion-flex-column\"><div class=\"fusion-column-wrapper fusion-flex-justify-content-flex-start fusion-content-layout-column\" style=\"background-position:left top;background-repeat:no-repeat;-webkit-background-size:cover;-moz-background-size:cover;-o-background-size:cover;background-size:cover;padding: 0px 0px 0px 0px;\"><div class=\"fusion-text fusion-text-2\" id=\"pf-venta\"><h3><strong>VENTA<\/strong><\/h3>\n<\/div><style type=\"text\/css\">.fusion-accordian  #accordion-33654-1 .panel-title a .fa-fusion-box{ color: #ffffff;}.fusion-accordian  #accordion-33654-1 .panel-title a .fa-fusion-box:before{ font-size: 16px; width: 16px;}.fusion-accordian  #accordion-33654-1 .fa-fusion-box { background-color: #212934;border-color: #212934;}.fusion-accordian  #accordion-33654-1 .panel-title a:hover, #accordion-33654-1 .fusion-toggle-boxed-mode:hover .panel-title a { color: #0a428d;}.fusion-accordian  #accordion-33654-1 .panel-title .active .fa-fusion-box,.fusion-accordian  #accordion-33654-1 .panel-title a:hover .fa-fusion-box { background-color: #0a428d!important;border-color: #0a428d!important;}<\/style><div class=\"accordian fusion-accordian\"><div class=\"panel-group\" id=\"accordion-33654-1\"><div class=\"fusion-panel panel-default\"><div class=\"panel-heading\"><h4 class=\"panel-title toggle\"><a aria-expanded=\"false\" aria-controls=\"95051244f43a07367\" role=\"button\" data-toggle=\"collapse\" data-parent=\"#accordion-33654-1\" data-target=\"#95051244f43a07367\" href=\"#95051244f43a07367\"><span class=\"fusion-toggle-icon-wrapper\" aria-hidden=\"true\"><i class=\"fa-fusion-box\" aria-hidden=\"true\"><\/i><\/span><span class=\"fusion-toggle-heading\">RESERVA AD REFERENDUM. Importancia<\/span><\/a><\/h4><\/div><div id=\"95051244f43a07367\" class=\"panel-collapse collapse \"><div class=\"panel-body toggle-content fusion-clearfix\">\n<p>Este es un instrumento previo, donde el interesado realiza una propuesta por un inmueble. Es importante leer con atenci\u00f3n este contrato ya que es la base sobre la cual se va a realizar la compraventa, y establece adem\u00e1s sus condiciones.<\/p>\n<\/div><\/div><\/div><div class=\"fusion-panel panel-default\"><div class=\"panel-heading\"><h4 class=\"panel-title toggle\"><a aria-expanded=\"false\" aria-controls=\"dcd1eca75de11e62c\" role=\"button\" data-toggle=\"collapse\" data-parent=\"#accordion-33654-1\" data-target=\"#dcd1eca75de11e62c\" href=\"#dcd1eca75de11e62c\"><span class=\"fusion-toggle-icon-wrapper\" aria-hidden=\"true\"><i class=\"fa-fusion-box\" aria-hidden=\"true\"><\/i><\/span><span class=\"fusion-toggle-heading\">COTI \u00bfQUE ES Y C\u00d3MO GESTIONARLO?<\/span><\/a><\/h4><\/div><div id=\"dcd1eca75de11e62c\" class=\"panel-collapse collapse \"><div class=\"panel-body toggle-content fusion-clearfix\">\n<p>El COTI es el \u201cc\u00f3digo de oferta de transferencia de inmuebles\u201d ten\u00e9s que obtenerlo antes de la negociaci\u00f3n, oferta o transferencia del bien o de los derechos sobre aquellos inmuebles a construir.\u00a0 Al mismo debes solicitarlo antes la AFIP y corresponde hacerlo cuando el valor del inmueble \u2013 en <u>ABRIL 2024<\/u> &#8211; es igual o superior a $22.810.177, o cuando cumple con alguno de los siguientes \u00edtems: 1) La base imponible fijada a los efectos del pago de los impuestos inmobiliarios; 2) Tributos similares y\/o del impuesto de sellos que graven la transmisi\u00f3n del mismo; o 3) El valor fiscal vigente del inmueble de que se trate.<\/p>\n<p>El mismo se puede gestionar a trav\u00e9s de la p\u00e1gina web del Afip con CUIT y CLAVE o a trav\u00e9s del personal id\u00f3neo con CUIT y CLAVE.<\/p>\n<\/div><\/div><\/div><div class=\"fusion-panel panel-default\"><div class=\"panel-heading\"><h4 class=\"panel-title toggle\"><a aria-expanded=\"false\" aria-controls=\"abb17357d69340f64\" role=\"button\" data-toggle=\"collapse\" data-parent=\"#accordion-33654-1\" data-target=\"#abb17357d69340f64\" href=\"#abb17357d69340f64\"><span class=\"fusion-toggle-icon-wrapper\" aria-hidden=\"true\"><i class=\"fa-fusion-box\" aria-hidden=\"true\"><\/i><\/span><span class=\"fusion-toggle-heading\">ITI \u00bfQUE ES? \u00bfSIGUE VIGENTE? \u00bfCOMO ERA?<\/span><\/a><\/h4><\/div><div id=\"abb17357d69340f64\" class=\"panel-collapse collapse \"><div class=\"panel-body toggle-content fusion-clearfix\">\n<p>A partir del lunes 8 de julio de 2024 a trav\u00e9s del bolet\u00edn oficial, entro en vigencia la ley 27.743 (Paquete fiscal) en el cual es su art\u00edculo 67 se <strong><u>elimina<\/u><\/strong> el impuesto a la transferencia de inmuebles (ITI).<\/p>\n<p>Recordemos que, el ITI es la abreviatura del impuesto a la transferencia de bienes inmuebles; es un tributo que gravaba aquellas viviendas adquiridas antes del primero de enero del 2018.\u00a0 El importe del mismo es el 1.5% del valor del inmueble.<\/p>\n<p>El mismo era a cargo del vendedor del inmueble.<\/p>\n<p>\u00bfCu\u00e1ndo pod\u00edas optar por no pagarlo? Cuando vend\u00edas tu \u00fanica vivienda o terreno para adquirir o construir (dentro del t\u00e9rmino de un a\u00f1o) una propiedad destinada a casa-habitaci\u00f3n propia, pod\u00edas solicitar el certificado de no retenci\u00f3n del impuesto a la transferencia de inmuebles. El ITI aplicaba para aquellas viviendas adquiridas con anterioridad al 01\/01\/2018.<\/p>\n<p>Para solicitar el certificado de no retenci\u00f3n deb\u00edas hacerlo con una antelaci\u00f3n m\u00ednima de 20 d\u00edas corridos al de la celebraci\u00f3n del acto.<\/p>\n<p>Adem\u00e1s, es importante que sepas que el certificado de no retenci\u00f3n tiene una validez de hasta 60 d\u00edas corridos, contados desde la fecha de emisi\u00f3n.<\/p>\n<\/div><\/div><\/div><div class=\"fusion-panel panel-default\"><div class=\"panel-heading\"><h4 class=\"panel-title toggle\"><a aria-expanded=\"false\" aria-controls=\"316ca54a53a8fd8e6\" role=\"button\" data-toggle=\"collapse\" data-parent=\"#accordion-33654-1\" data-target=\"#316ca54a53a8fd8e6\" href=\"#316ca54a53a8fd8e6\"><span class=\"fusion-toggle-icon-wrapper\" aria-hidden=\"true\"><i class=\"fa-fusion-box\" aria-hidden=\"true\"><\/i><\/span><span class=\"fusion-toggle-heading\">IMPUESTOS A LAS GANANCIAS<\/span><\/a><\/h4><\/div><div id=\"316ca54a53a8fd8e6\" class=\"panel-collapse collapse \"><div class=\"panel-body toggle-content fusion-clearfix\">\n<p>La\u00a0<strong>Ley de Ganancias ahora <\/strong>incluye la tributaci\u00f3n en la transferencia de bienes inmuebles para aquellas propiedades que se hayan adquirido desde el 1 de enero de 2018 en adelante y que no sean casa-habitaci\u00f3n &#8211; de ocupaci\u00f3n permanente, y las mismas sean vendidas, deber\u00e1n tributar el 15% de ganancias.<\/p>\n<p>Hasta ahora, el \u00fanico impuesto vigente era el\u00a0<strong>ITI, <\/strong>que demandaba el 1,5% del precio de venta de una propiedad. Este tributo va a seguir vigente para todos los inmuebles (que no sean propiedad de ocupaci\u00f3n permanente) que se hayan adquirido previo al 31 de diciembre de 2017<\/p>\n<p>Mientras que todas las propiedades que se hayan\u00a0adquirido\u00a0a partir del 1 de enero de 2018, que no est\u00e9n declaradas como casa-habitaci\u00f3n y quieran ser comercializadas deber\u00e1n pagar Ganancias.<\/p>\n<p>Para quienes hayan adquirido un inmueble en construcci\u00f3n la reglamentaci\u00f3n establece que bajo esta modalidad y al 31 de diciembre de 2017 habiendo pagado m\u00e1s del 75%, por m\u00e1s que no tuvieran la escritura, si la venden van a pagar el ITI.<\/p>\n<\/div><\/div><\/div><div class=\"fusion-panel panel-default\"><div class=\"panel-heading\"><h4 class=\"panel-title toggle\"><a aria-expanded=\"false\" aria-controls=\"dae2b9a93691d6271\" role=\"button\" data-toggle=\"collapse\" data-parent=\"#accordion-33654-1\" data-target=\"#dae2b9a93691d6271\" href=\"#dae2b9a93691d6271\"><span class=\"fusion-toggle-icon-wrapper\" aria-hidden=\"true\"><i class=\"fa-fusion-box\" aria-hidden=\"true\"><\/i><\/span><span class=\"fusion-toggle-heading\">IMPUESTO A LOS SELLOS COMPRAVENTA<\/span><\/a><\/h4><\/div><div id=\"dae2b9a93691d6271\" class=\"panel-collapse collapse \"><div class=\"panel-body toggle-content fusion-clearfix\">\n<p class=\"x_MsoNormal\"><span data-olk-copy-source=\"MessageBody\">El sellado del Boleto de Compra Venta y Cesi\u00f3n de un boleto de compraventa en el 2026 es \u00a07 por mil (7\u2030) es decir el 0,7%.<\/span><\/p>\n<p class=\"x_MsoNormal\">En caso de que uno no timbre el boleto o la cesi\u00f3n cuando escrituren deber\u00e1n hacerlo con m\u00e1s los intereses correspondientes.<\/p>\n<\/div><\/div><\/div><div class=\"fusion-panel panel-default\"><div class=\"panel-heading\"><h4 class=\"panel-title toggle\"><a aria-expanded=\"false\" aria-controls=\"223ff378550b4cb29\" role=\"button\" data-toggle=\"collapse\" data-parent=\"#accordion-33654-1\" data-target=\"#223ff378550b4cb29\" href=\"#223ff378550b4cb29\"><span class=\"fusion-toggle-icon-wrapper\" aria-hidden=\"true\"><i class=\"fa-fusion-box\" aria-hidden=\"true\"><\/i><\/span><span class=\"fusion-toggle-heading\">ESCRITURACION. \u00bfCOMO SE ABONA? \u00bfQUIEN ELIGE EL NOTARIO INTERVINIENTE?<\/span><\/a><\/h4><\/div><div id=\"223ff378550b4cb29\" class=\"panel-collapse collapse \"><div class=\"panel-body toggle-content fusion-clearfix\">\n<p>En las operaciones de Compra Venta suele abonar el treinta (30%) por ciento del valor de la escritura el comprador y el setenta por ciento el vendedor (70%). No obstante, el mismo se puede negociar.<\/p>\n<p>El escribano interviniente generalmente es designado por el comprador. En los casos de comprar un edificio en construcci\u00f3n o terminado, aunque sin escritura, el escribano lo designa la empresa que ha realizado el mismo.<\/p>\n<\/div><\/div><\/div><div class=\"fusion-panel panel-default\"><div class=\"panel-heading\"><h4 class=\"panel-title toggle\"><a aria-expanded=\"false\" aria-controls=\"d12e458ec656909a4\" role=\"button\" data-toggle=\"collapse\" data-parent=\"#accordion-33654-1\" data-target=\"#d12e458ec656909a4\" href=\"#d12e458ec656909a4\"><span class=\"fusion-toggle-icon-wrapper\" aria-hidden=\"true\"><i class=\"fa-fusion-box\" aria-hidden=\"true\"><\/i><\/span><span class=\"fusion-toggle-heading\">UIF. JUSTIFICACI\u00d3N DE FONDOS<\/span><\/a><\/h4><\/div><div id=\"d12e458ec656909a4\" class=\"panel-collapse collapse \"><div class=\"panel-body toggle-content fusion-clearfix\">\n<p>Las personas f\u00edsicas y jur\u00eddicas, para la compraventa de inmuebles una vez superados -actualizaci\u00f3n 2023 -, los Doscientos (200) Salarios M\u00ednimos, Vitales Y M\u00f3viles, se requerir\u00e1 documentaci\u00f3n respaldatoria del origen l\u00edcito de los fondos.<\/p>\n<p>Esto consiste en:<\/p>\n<p>La documentaci\u00f3n respaldatoria a requerir podr\u00e1 consistir en una copia autenticada de escritura por la cual se justifiquen los fondos con los que se realiza la compra, o<\/p>\n<p>Podr\u00e1 ser una certificaci\u00f3n extendida por contador p\u00fablico matriculado, debidamente intervenida por el consejo profesional, que indique el origen de los fondos, y se\u00f1ale en forma precisa la documentaci\u00f3n que ha tenido a la vista para efectuar la misma, o<\/p>\n<p>Se podr\u00e1 presentar documentaci\u00f3n bancaria de donde surja la existencia de los fondos; que acredite la venta de bienes muebles, inmuebles, valores o semovientes, por importes suficientes; o cualquier otra que respalde de acuerdo al origen declarado, la tenencia de fondos suficientes para realizar la operaci\u00f3n.<\/p>\n<\/div><\/div><\/div><div class=\"fusion-panel panel-default\"><div class=\"panel-heading\"><h4 class=\"panel-title toggle\"><a aria-expanded=\"false\" aria-controls=\"4993ae53a451fd8bd\" role=\"button\" data-toggle=\"collapse\" data-parent=\"#accordion-33654-1\" data-target=\"#4993ae53a451fd8bd\" href=\"#4993ae53a451fd8bd\"><span class=\"fusion-toggle-icon-wrapper\" aria-hidden=\"true\"><i class=\"fa-fusion-box\" aria-hidden=\"true\"><\/i><\/span><span class=\"fusion-toggle-heading\">HONORARIOS PROFESIONALES INMOBILIARIA. \u00bfCU\u00c1NTO ES?<\/span><\/a><\/h4><\/div><div id=\"4993ae53a451fd8bd\" class=\"panel-collapse collapse \"><div class=\"panel-body toggle-content fusion-clearfix\">\n<p>Los honorarios profesionales por la venta de casas, campos, departamentos, oficinas, locales, cocheras, incluidos los situados en propiedad horizontal es del tres por ciento (3%) \u2013 m\u00e1s IVA &#8211; a cargo de cada parte, comprador y vendedor; mientras que si se comercializa el fraccionamiento de tierras, loteos y terrenos urbanos es el cinco por ciento (5%) &#8211; m\u00e1s IVA &#8211; a cargo de cada parte, comprador y vendedor.<\/p>\n<\/div><\/div><\/div><\/div><\/div><\/div><style type=\"text\/css\">.fusion-body .fusion-builder-column-1{width:100% !important;margin-top : 0px;margin-bottom : 20px;}.fusion-builder-column-1 > .fusion-column-wrapper {padding-top : 0px !important;padding-right : 0px !important;margin-right : 1.92%;padding-bottom : 0px !important;padding-left : 0px !important;margin-left : 1.92%;}@media only screen and (max-width:1024px) {.fusion-body .fusion-builder-column-1{width:100% !important;order : 0;}.fusion-builder-column-1 > .fusion-column-wrapper {margin-right : 1.92%;margin-left : 1.92%;}}@media only screen and (max-width:640px) {.fusion-body .fusion-builder-column-1{width:100% !important;order : 0;}.fusion-builder-column-1 > .fusion-column-wrapper {margin-right : 1.92%;margin-left : 1.92%;}}<\/style><\/div><\/div><style type=\"text\/css\">.fusion-body .fusion-flex-container.fusion-builder-row-2{ padding-top : 0px;margin-top : 0px;padding-right : 0px;padding-bottom : 0px;margin-bottom : 0px;padding-left : 0px;}<\/style><\/div><div class=\"fusion-fullwidth fullwidth-box fusion-builder-row-3 fusion-flex-container nonhundred-percent-fullwidth non-hundred-percent-height-scrolling\" style=\"background-color: rgba(255,255,255,0);background-position: center center;background-repeat: no-repeat;border-width: 0px 0px 0px 0px;border-color:#e2e2e2;border-style:solid;\" ><div class=\"fusion-builder-row fusion-row fusion-flex-align-items-flex-start\" style=\"max-width:1258.4px;margin-left: calc(-4% \/ 2 );margin-right: calc(-4% \/ 2 );\"><div class=\"fusion-layout-column fusion_builder_column fusion-builder-column-2 fusion_builder_column_1_1 1_1 fusion-flex-column\"><div class=\"fusion-column-wrapper fusion-flex-justify-content-flex-start fusion-content-layout-column\" style=\"background-position:left top;background-repeat:no-repeat;-webkit-background-size:cover;-moz-background-size:cover;-o-background-size:cover;background-size:cover;padding: 0px 0px 0px 0px;\"><div class=\"fusion-text fusion-text-3\"><p style=\"text-align: center;\"><strong>Consult\u00e1 otras Preguntas Frecuentes Respondidas:<\/strong><\/p>\n<\/div><\/div><style type=\"text\/css\">.fusion-body .fusion-builder-column-2{width:100% !important;margin-top : 20px;margin-bottom : 20px;}.fusion-builder-column-2 > .fusion-column-wrapper {padding-top : 0px !important;padding-right : 0px !important;margin-right : 1.92%;padding-bottom : 0px !important;padding-left : 0px !important;margin-left : 1.92%;}@media only screen and (max-width:1024px) {.fusion-body .fusion-builder-column-2{width:100% !important;order : 0;}.fusion-builder-column-2 > .fusion-column-wrapper {margin-right : 1.92%;margin-left : 1.92%;}}@media only screen and (max-width:640px) {.fusion-body .fusion-builder-column-2{width:100% !important;order : 0;}.fusion-builder-column-2 > .fusion-column-wrapper {margin-right : 1.92%;margin-left : 1.92%;}}<\/style><\/div><div class=\"fusion-layout-column fusion_builder_column fusion-builder-column-3 fusion_builder_column_1_3 1_3 fusion-flex-column\"><div class=\"fusion-column-wrapper fusion-flex-justify-content-flex-start fusion-content-layout-column\" style=\"background-position:left top;background-repeat:no-repeat;-webkit-background-size:cover;-moz-background-size:cover;-o-background-size:cover;background-size:cover;padding: 0px 0px 0px 0px;\"><div style=\"text-align:center;\"><style type=\"text\/css\">.fusion-button.button-1 {border-radius:4px;}.fusion-button.button-1 .fusion-button-text {text-transform:uppercase;}<\/style><a class=\"fusion-button button-flat fusion-button-default-size button-default button-1 fusion-button-default-span fusion-button-default-type\" target=\"_self\" href=\"https:\/\/www.aguadbienesraices.com.ar\/blog\/preguntas-frecuentes-respondidas\/\" style=\"margin-top:10px;margin-bottom:10px;\"><span class=\"fusion-button-text\">Administraci\u00f3n<\/span><\/a><\/div><\/div><style type=\"text\/css\">.fusion-body .fusion-builder-column-3{width:33.333333333333% !important;margin-top : 0px;margin-bottom : 20px;}.fusion-builder-column-3 > .fusion-column-wrapper {padding-top : 0px !important;padding-right : 0px !important;margin-right : 5.76%;padding-bottom : 0px !important;padding-left : 0px !important;margin-left : 5.76%;}@media only screen and (max-width:1024px) {.fusion-body .fusion-builder-column-3{width:33.333333333333% !important;order : 0;}.fusion-builder-column-3 > .fusion-column-wrapper {margin-right : 5.76%;margin-left : 5.76%;}}@media only screen and (max-width:640px) {.fusion-body .fusion-builder-column-3{width:100% !important;order : 0;}.fusion-builder-column-3 > .fusion-column-wrapper {margin-right : 1.92%;margin-left : 1.92%;}}<\/style><\/div><div class=\"fusion-layout-column fusion_builder_column fusion-builder-column-4 fusion_builder_column_1_3 1_3 fusion-flex-column\"><div class=\"fusion-column-wrapper fusion-flex-justify-content-flex-start fusion-content-layout-column\" style=\"background-position:left top;background-repeat:no-repeat;-webkit-background-size:cover;-moz-background-size:cover;-o-background-size:cover;background-size:cover;padding: 0px 0px 0px 0px;\"><div style=\"text-align:center;\"><style type=\"text\/css\">.fusion-button.button-2 {border-radius:4px;}.fusion-button.button-2 .fusion-button-text {text-transform:uppercase;}<\/style><a class=\"fusion-button button-flat fusion-button-default-size button-default button-2 fusion-button-default-span fusion-button-default-type\" target=\"_self\" href=\"https:\/\/www.aguadbienesraices.com.ar\/blog\/preguntas-frecuentes-alquileres\" style=\"margin-top:10px;margin-bottom:10px;\"><span class=\"fusion-button-text\">Alquileres<\/span><\/a><\/div><\/div><style type=\"text\/css\">.fusion-body .fusion-builder-column-4{width:33.333333333333% !important;margin-top : 0px;margin-bottom : 20px;}.fusion-builder-column-4 > .fusion-column-wrapper {padding-top : 0px !important;padding-right : 0px !important;margin-right : 5.76%;padding-bottom : 0px !important;padding-left : 0px !important;margin-left : 5.76%;}@media only screen and (max-width:1024px) {.fusion-body .fusion-builder-column-4{width:33.333333333333% !important;order : 0;}.fusion-builder-column-4 > .fusion-column-wrapper {margin-right : 5.76%;margin-left : 5.76%;}}@media only screen and (max-width:640px) {.fusion-body .fusion-builder-column-4{width:100% !important;order : 0;}.fusion-builder-column-4 > .fusion-column-wrapper {margin-right : 1.92%;margin-left : 1.92%;}}<\/style><\/div><div class=\"fusion-layout-column fusion_builder_column fusion-builder-column-5 fusion_builder_column_1_3 1_3 fusion-flex-column\"><div class=\"fusion-column-wrapper fusion-flex-justify-content-flex-start fusion-content-layout-column\" style=\"background-position:left top;background-repeat:no-repeat;-webkit-background-size:cover;-moz-background-size:cover;-o-background-size:cover;background-size:cover;padding: 0px 0px 0px 0px;\"><div style=\"text-align:center;\"><style type=\"text\/css\">.fusion-button.button-3 {border-radius:4px;}.fusion-button.button-3 .fusion-button-text {text-transform:uppercase;}<\/style><a class=\"fusion-button button-flat fusion-button-default-size button-default button-3 fusion-button-default-span fusion-button-default-type\" target=\"_self\" href=\"https:\/\/www.aguadbienesraices.com.ar\/blog\/preguntas-frecuentes-venta\" style=\"margin-top:10px;margin-bottom:10px;\"><span class=\"fusion-button-text\">Venta<\/span><\/a><\/div><\/div><style type=\"text\/css\">.fusion-body .fusion-builder-column-5{width:33.333333333333% !important;margin-top : 0px;margin-bottom : 20px;}.fusion-builder-column-5 > .fusion-column-wrapper {padding-top : 0px !important;padding-right : 0px !important;margin-right : 5.76%;padding-bottom : 0px !important;padding-left : 0px !important;margin-left : 5.76%;}@media only screen and (max-width:1024px) {.fusion-body .fusion-builder-column-5{width:33.333333333333% !important;order : 0;}.fusion-builder-column-5 > .fusion-column-wrapper {margin-right : 5.76%;margin-left : 5.76%;}}@media only screen and (max-width:640px) {.fusion-body .fusion-builder-column-5{width:100% !important;order : 0;}.fusion-builder-column-5 > .fusion-column-wrapper {margin-right : 1.92%;margin-left : 1.92%;}}<\/style><\/div><div class=\"fusion-layout-column fusion_builder_column fusion-builder-column-6 fusion_builder_column_1_1 1_1 fusion-flex-column\"><div class=\"fusion-column-wrapper fusion-flex-justify-content-flex-start fusion-content-layout-column\" style=\"background-position:left top;background-repeat:no-repeat;-webkit-background-size:cover;-moz-background-size:cover;-o-background-size:cover;background-size:cover;padding: 0px 0px 0px 0px;\"><div class=\"fusion-text fusion-text-4\"><p><strong>En caso, de que creas que haya alguna pregunta frecuente que no hayamos colocado, y creas que ser\u00eda importante que este, por favor, d\u00e9janosla para que la analicemos y veamos la posibilidad de agregarla. Muchas Gracias.<\/strong><\/p>\n<p><strong>\u00abPara una operaci\u00f3n de compraventa tener escritura original. Sino se deber\u00e1 tramitar la misma. Ver de redactarlo bien\u00bb.<\/strong><\/p>\n<\/div><\/div><style type=\"text\/css\">.fusion-body .fusion-builder-column-6{width:100% !important;margin-top : 3%;margin-bottom : 20px;}.fusion-builder-column-6 > .fusion-column-wrapper {padding-top : 0px !important;padding-right : 0px !important;margin-right : 1.92%;padding-bottom : 0px !important;padding-left : 0px !important;margin-left : 1.92%;}@media only screen and (max-width:1024px) {.fusion-body .fusion-builder-column-6{width:100% !important;order : 0;}.fusion-builder-column-6 > .fusion-column-wrapper {margin-right : 1.92%;margin-left : 1.92%;}}@media only screen and (max-width:640px) {.fusion-body .fusion-builder-column-6{width:100% !important;order : 0;}.fusion-builder-column-6 > .fusion-column-wrapper {margin-right : 1.92%;margin-left : 1.92%;}}<\/style><\/div><\/div><style type=\"text\/css\">.fusion-body .fusion-flex-container.fusion-builder-row-3{ padding-top : 0px;margin-top : 0px;padding-right : 0px;padding-bottom : 0px;margin-bottom : 0px;padding-left : 0px;}<\/style><\/div><\/p>\n","protected":false},"excerpt":{"rendered":"","protected":false},"author":1,"featured_media":0,"parent":0,"menu_order":0,"comment_status":"closed","ping_status":"closed","template":"","meta":{"footnotes":""},"class_list":["post-33654","page","type-page","status-publish","hentry"],"_links":{"self":[{"href":"https:\/\/www.aguadbienesraices.com.ar\/blog\/wp-json\/wp\/v2\/pages\/33654","targetHints":{"allow":["GET"]}}],"collection":[{"href":"https:\/\/www.aguadbienesraices.com.ar\/blog\/wp-json\/wp\/v2\/pages"}],"about":[{"href":"https:\/\/www.aguadbienesraices.com.ar\/blog\/wp-json\/wp\/v2\/types\/page"}],"author":[{"embeddable":true,"href":"https:\/\/www.aguadbienesraices.com.ar\/blog\/wp-json\/wp\/v2\/users\/1"}],"replies":[{"embeddable":true,"href":"https:\/\/www.aguadbienesraices.com.ar\/blog\/wp-json\/wp\/v2\/comments?post=33654"}],"version-history":[{"count":8,"href":"https:\/\/www.aguadbienesraices.com.ar\/blog\/wp-json\/wp\/v2\/pages\/33654\/revisions"}],"predecessor-version":[{"id":34114,"href":"https:\/\/www.aguadbienesraices.com.ar\/blog\/wp-json\/wp\/v2\/pages\/33654\/revisions\/34114"}],"wp:attachment":[{"href":"https:\/\/www.aguadbienesraices.com.ar\/blog\/wp-json\/wp\/v2\/media?parent=33654"}],"curies":[{"name":"wp","href":"https:\/\/api.w.org\/{rel}","templated":true}]}}