{"id":33653,"date":"2023-04-11T10:18:52","date_gmt":"2023-04-11T13:18:52","guid":{"rendered":"https:\/\/www.aguadbienesraices.com.ar\/blog\/?page_id=33653"},"modified":"2026-01-06T06:55:18","modified_gmt":"2026-01-06T09:55:18","slug":"preguntas-frecuentes-alquileres","status":"publish","type":"page","link":"https:\/\/www.aguadbienesraices.com.ar\/blog\/preguntas-frecuentes-alquileres\/","title":{"rendered":"Preguntas Frecuentes Respondidas &#8211; Alquileres"},"content":{"rendered":"<p><div class=\"fusion-fullwidth fullwidth-box fusion-builder-row-1 fusion-flex-container nonhundred-percent-fullwidth non-hundred-percent-height-scrolling\" style=\"background-color: rgba(255,255,255,0);background-position: center center;background-repeat: no-repeat;border-width: 0px 0px 0px 0px;border-color:#e2e2e2;border-style:solid;\" ><div class=\"fusion-builder-row fusion-row fusion-flex-align-items-flex-start\" style=\"max-width:1258.4px;margin-left: calc(-4% \/ 2 );margin-right: calc(-4% \/ 2 );\"><div class=\"fusion-layout-column fusion_builder_column fusion-builder-column-0 fusion_builder_column_1_1 1_1 fusion-flex-column\"><div class=\"fusion-column-wrapper fusion-flex-justify-content-flex-start fusion-content-layout-column\" style=\"background-position:left top;background-repeat:no-repeat;-webkit-background-size:cover;-moz-background-size:cover;-o-background-size:cover;background-size:cover;padding: 0px 0px 0px 0px;\"><div class=\"fusion-text fusion-text-1\"><div class=\"wpb_text_column wpb_content_element \">\n<div class=\"wpb_wrapper\">\n<p><strong>En esta secci\u00f3n te dejamos algunas consultas y respuestas frecuentes que surgen sobre:<\/strong><\/p>\n<\/div>\n<\/div>\n<\/div><\/div><style type=\"text\/css\">.fusion-body .fusion-builder-column-0{width:100% !important;margin-top : 0px;margin-bottom : 20px;}.fusion-builder-column-0 > .fusion-column-wrapper {padding-top : 0px !important;padding-right : 0px !important;margin-right : 1.92%;padding-bottom : 0px !important;padding-left : 0px !important;margin-left : 1.92%;}@media only screen and (max-width:1024px) {.fusion-body .fusion-builder-column-0{width:100% !important;order : 0;}.fusion-builder-column-0 > .fusion-column-wrapper {margin-right : 1.92%;margin-left : 1.92%;}}@media only screen and (max-width:640px) {.fusion-body .fusion-builder-column-0{width:100% !important;order : 0;}.fusion-builder-column-0 > .fusion-column-wrapper {margin-right : 1.92%;margin-left : 1.92%;}}<\/style><\/div><\/div><style type=\"text\/css\">.fusion-body .fusion-flex-container.fusion-builder-row-1{ padding-top : 0px;margin-top : 0px;padding-right : 0px;padding-bottom : 0px;margin-bottom : 0px;padding-left : 0px;}<\/style><\/div><div class=\"fusion-fullwidth fullwidth-box fusion-builder-row-2 fusion-flex-container nonhundred-percent-fullwidth non-hundred-percent-height-scrolling\" style=\"background-color: rgba(255,255,255,0);background-position: center center;background-repeat: no-repeat;border-width: 0px 0px 0px 0px;border-color:#e2e2e2;border-style:solid;\" ><div class=\"fusion-builder-row fusion-row fusion-flex-align-items-flex-start\" style=\"max-width:1258.4px;margin-left: calc(-4% \/ 2 );margin-right: calc(-4% \/ 2 );\"><div class=\"fusion-layout-column fusion_builder_column fusion-builder-column-1 fusion_builder_column_1_1 1_1 fusion-flex-column\"><div class=\"fusion-column-wrapper fusion-flex-justify-content-flex-start fusion-content-layout-column\" style=\"background-position:left top;background-repeat:no-repeat;-webkit-background-size:cover;-moz-background-size:cover;-o-background-size:cover;background-size:cover;padding: 0px 0px 0px 0px;\"><div class=\"fusion-text fusion-text-2\" id=\"pf-alquileres\"><h3><strong>ALQUILERES<\/strong><\/h3>\n<\/div><style type=\"text\/css\">.fusion-accordian  #accordion-33653-1 .panel-title a .fa-fusion-box{ color: #ffffff;}.fusion-accordian  #accordion-33653-1 .panel-title a .fa-fusion-box:before{ font-size: 16px; width: 16px;}.fusion-accordian  #accordion-33653-1 .fa-fusion-box { background-color: #212934;border-color: #212934;}.fusion-accordian  #accordion-33653-1 .panel-title a:hover, #accordion-33653-1 .fusion-toggle-boxed-mode:hover .panel-title a { color: #0a428d;}.fusion-accordian  #accordion-33653-1 .panel-title .active .fa-fusion-box,.fusion-accordian  #accordion-33653-1 .panel-title a:hover .fa-fusion-box { background-color: #0a428d!important;border-color: #0a428d!important;}<\/style><div class=\"accordian fusion-accordian\"><div class=\"panel-group\" id=\"accordion-33653-1\"><div class=\"fusion-panel panel-default\"><div class=\"panel-heading\"><h4 class=\"panel-title toggle\"><a aria-expanded=\"false\" aria-controls=\"4f86ee8b664610d5b\" role=\"button\" data-toggle=\"collapse\" data-parent=\"#accordion-33653-1\" data-target=\"#4f86ee8b664610d5b\" href=\"#4f86ee8b664610d5b\"><span class=\"fusion-toggle-icon-wrapper\" aria-hidden=\"true\"><i class=\"fa-fusion-box\" aria-hidden=\"true\"><\/i><\/span><span class=\"fusion-toggle-heading\">RESERVA AD REFERENDUM. IMPORTANCIA<\/span><\/a><\/h4><\/div><div id=\"4f86ee8b664610d5b\" class=\"panel-collapse collapse \"><div class=\"panel-body toggle-content fusion-clearfix\">\n<p>Este es un instrumento previo, donde el interesado realiza una propuesta por un inmueble. Es importante leer con atenci\u00f3n este contrato ya que es la bases sobre la cual se va a realizar el contrato de alquiler, y establece adem\u00e1s sus condiciones.<\/p>\n<\/div><\/div><\/div><div class=\"fusion-panel panel-default\"><div class=\"panel-heading\"><h4 class=\"panel-title toggle\"><a aria-expanded=\"false\" aria-controls=\"eefcadc525ac188b1\" role=\"button\" data-toggle=\"collapse\" data-parent=\"#accordion-33653-1\" data-target=\"#eefcadc525ac188b1\" href=\"#eefcadc525ac188b1\"><span class=\"fusion-toggle-icon-wrapper\" aria-hidden=\"true\"><i class=\"fa-fusion-box\" aria-hidden=\"true\"><\/i><\/span><span class=\"fusion-toggle-heading\">DURACION DEL CONTRATO DE LOCACI\u00d3N<\/span><\/a><\/h4><\/div><div id=\"eefcadc525ac188b1\" class=\"panel-collapse collapse \"><div class=\"panel-body toggle-content fusion-clearfix\">\n<p>El plazo ser\u00e1 el que pacten las partes. No existe plazo m\u00ednimo legal para ning\u00fan tipo de contrato de locaci\u00f3n (vivienda o restantes destinos). En caso que los contratantes no hayan fijado un plazo en el contrato, entonces la vigencia ser\u00e1 de 2 a\u00f1os para locaciones con destino habitacional y de 3 a\u00f1os para restantes destinos.<\/p>\n<\/div><\/div><\/div><div class=\"fusion-panel panel-default\"><div class=\"panel-heading\"><h4 class=\"panel-title toggle\"><a aria-expanded=\"false\" aria-controls=\"0ef1fdcc42391422c\" role=\"button\" data-toggle=\"collapse\" data-parent=\"#accordion-33653-1\" data-target=\"#0ef1fdcc42391422c\" href=\"#0ef1fdcc42391422c\"><span class=\"fusion-toggle-icon-wrapper\" aria-hidden=\"true\"><i class=\"fa-fusion-box\" aria-hidden=\"true\"><\/i><\/span><span class=\"fusion-toggle-heading\">IMPUESTO al SELLO \u00bfC\u00f3mo se calcula? \u00bfDesde qu\u00e9 monto se abona?<\/span><\/a><\/h4><\/div><div id=\"0ef1fdcc42391422c\" class=\"panel-collapse collapse \"><div class=\"panel-body toggle-content fusion-clearfix\">\n<p class=\"x_MsoNormal\"><span data-olk-copy-source=\"MessageBody\">Sellado del contrato de locaci\u00f3n, para las locaciones urbanas, el Gobierno de la Provincia de Cordoba, en el 2026, estableci\u00f3 a trav\u00e9s de la <a href=\"http:\/\/www.aguadbienesraices.com.ar\/blog\/wp-content\/uploads\/2026\/01\/ley11090.pdf\" target=\"_blank\" rel=\"noopener\">Ley Impositiva Anual Nro. 11090<\/a> que el impuesto a los sellos para locaciones urbanas en el cinco por mil (5,00%)<\/span><\/p>\n<p class=\"x_MsoNormal\">En caso de ser destino comercial, y estar gravado por el impuesto al valor agregado, \u00a0el importe del sellado es el monto total m\u00e1s IVA.<\/p>\n<p class=\"x_MsoNormal\">La\u00a0<u>exenci\u00f3n 2026<\/u> ser\u00e1 para dichos inmuebles, cuando el sellado No supere los Pesos un mill\u00f3n doscientos treinta mil ($ 1.230.000).<\/p>\n<p class=\"x_MsoNormal\">El mismo se obtiene sumando uno a uno los meses del contrato y calculando el porcentaje de ese total.<\/p>\n<\/div><\/div><\/div><div class=\"fusion-panel panel-default\"><div class=\"panel-heading\"><h4 class=\"panel-title toggle\"><a aria-expanded=\"false\" aria-controls=\"8497307c39481b521\" role=\"button\" data-toggle=\"collapse\" data-parent=\"#accordion-33653-1\" data-target=\"#8497307c39481b521\" href=\"#8497307c39481b521\"><span class=\"fusion-toggle-icon-wrapper\" aria-hidden=\"true\"><i class=\"fa-fusion-box\" aria-hidden=\"true\"><\/i><\/span><span class=\"fusion-toggle-heading\">CERTIFICACI\u00d3N DE FIRMAS<\/span><\/a><\/h4><\/div><div id=\"8497307c39481b521\" class=\"panel-collapse collapse \"><div class=\"panel-body toggle-content fusion-clearfix\">\n<p>En el contrato de locaci\u00f3n las firmas deber\u00e1n ser certificadas ante Escribano Publico, este es un requisito usual en la locaci\u00f3n. Este gasto no lo cobra la inmobiliaria, sino que el locatario cumple eligiendo el profesional de su agrado. En caso de ser de otra provincia que no sea C\u00f3rdoba, deber\u00e1n legalizar la misma en el colegio de escribanos de dicha provincia.<\/p>\n<\/div><\/div><\/div><div class=\"fusion-panel panel-default\"><div class=\"panel-heading\"><h4 class=\"panel-title toggle\"><a aria-expanded=\"false\" aria-controls=\"4eaaadee13622a40b\" role=\"button\" data-toggle=\"collapse\" data-parent=\"#accordion-33653-1\" data-target=\"#4eaaadee13622a40b\" href=\"#4eaaadee13622a40b\"><span class=\"fusion-toggle-icon-wrapper\" aria-hidden=\"true\"><i class=\"fa-fusion-box\" aria-hidden=\"true\"><\/i><\/span><span class=\"fusion-toggle-heading\">DEP\u00d3SITO EN GARANT\u00cdA<\/span><\/a><\/h4><\/div><div id=\"4eaaadee13622a40b\" class=\"panel-collapse collapse \"><div class=\"panel-body toggle-content fusion-clearfix\">\n<p>Hoy, por lo general, no se est\u00e1 solicitando mes deposito para realizar un contrato de alquiler.\u00a0 En caso de solicitarte dicho requisito el mismo, no puede superar un mes de alquiler por a\u00f1o de contrato.<\/p>\n<p>Una de las razones por la cual te pueden solicitar mes de dep\u00f3sito, es para garantizar la devoluci\u00f3n del inmueble en las mismas condiciones en que se lo recibi\u00f3.\u00a0 Otra raz\u00f3n puede ser para demostrar poder adquisitivo.<\/p>\n<p>En caso de que las partes pacten dep\u00f3sitos, podr\u00e1n hacerlo en pesos o moneda extranjera. A su vez, las partes podr\u00e1n acordar el plazo de restituci\u00f3n del mismo.<\/p>\n<\/div><\/div><\/div><div class=\"fusion-panel panel-default\"><div class=\"panel-heading\"><h4 class=\"panel-title toggle\"><a aria-expanded=\"false\" aria-controls=\"cc3274157a7e451cf\" role=\"button\" data-toggle=\"collapse\" data-parent=\"#accordion-33653-1\" data-target=\"#cc3274157a7e451cf\" href=\"#cc3274157a7e451cf\"><span class=\"fusion-toggle-icon-wrapper\" aria-hidden=\"true\"><i class=\"fa-fusion-box\" aria-hidden=\"true\"><\/i><\/span><span class=\"fusion-toggle-heading\">TRATAMIENTO IMPOSITIVO DE LOS ALQUILERES<\/span><\/a><\/h4><\/div><div id=\"cc3274157a7e451cf\" class=\"panel-collapse collapse \"><div class=\"panel-body toggle-content fusion-clearfix\">\n<p>Este punto te sugerimos que ingreses a nuestro blog y leas la nota: <a href=\"https:\/\/www.aguadbienesraices.com.ar\/blog\/el-tratamiento-impositivo-de-los-alquileres-2024\/\">https:\/\/www.aguadbienesraices.com.ar\/blog\/el-tratamiento-impositivo-de-los-alquileres-2024\/<\/a><\/p>\n<\/div><\/div><\/div><div class=\"fusion-panel panel-default\"><div class=\"panel-heading\"><h4 class=\"panel-title toggle\"><a aria-expanded=\"false\" aria-controls=\"746cedf7f23d55e58\" role=\"button\" data-toggle=\"collapse\" data-parent=\"#accordion-33653-1\" data-target=\"#746cedf7f23d55e58\" href=\"#746cedf7f23d55e58\"><span class=\"fusion-toggle-icon-wrapper\" aria-hidden=\"true\"><i class=\"fa-fusion-box\" aria-hidden=\"true\"><\/i><\/span><span class=\"fusion-toggle-heading\">HONORARIOS PROFESIONALES INMOBILIARIA. \u00bfCUANTO ES? \u00bfC\u00d3MO SE CALCULA?<\/span><\/a><\/h4><\/div><div id=\"746cedf7f23d55e58\" class=\"panel-collapse collapse \"><div class=\"panel-body toggle-content fusion-clearfix\">\n<p>Lo que vulgarmente se denomina \u201ccomisi\u00f3n\u201d, son los honorarios profesionales que tiene derecho a cobrar el intermediario ya sea la Inmobiliaria o el Corredor Inmobiliario respecto a la labor profesional, en este caso con respecto al contratos de alquiler que consiga o que realice.<\/p>\n<p>Nuestra profesi\u00f3n se encuentra regulada por La Ley 9445, en donde establece los siguientes honorarios profesionales, a los cuales habr\u00e1 que agregarle el impuesto al valor agregado (IVA).<\/p>\n<ul>\n<li>Arrendamientos rurales y locaciones urbanas: cinco por ciento (5%) del monto del contrato a cargo del arrendatario o locatario;<\/li>\n<li>Locaciones por temporada: diez por ciento (10%) del monto del contrato, a cargo de cada parte;<\/li>\n<li>Administraci\u00f3n de propiedades: 1. De plaza el diez por ciento (10%), y 2. De otras plazas: el quince por ciento (15%) del monto recaudado.<\/li>\n<\/ul>\n<p>Los honorarios profesionales por alquiler, como dijimos es el 5% del monto total del contrato m\u00e1s la situaci\u00f3n tributaria del profesional. 0Este valor se obtiene sumando uno a uno los 24 meses del contrato y calculando el 5% de ese total.<\/p>\n<\/div><\/div><\/div><\/div><\/div><div class=\"fusion-text fusion-text-3 fusion-text-no-margin\" style=\"margin-top:10px;margin-bottom:10px;\"><p style=\"text-align: center;\">Record\u00e1 que tambi\u00e9n podes consultar <a href=\"https:\/\/www.aguadbienesraices.com.ar\/blog\/requisitos-alquileres\/\">REQUISITOS DE ALQUILER haciendo click aqui<\/a>.<\/p>\n<\/div><\/div><style type=\"text\/css\">.fusion-body .fusion-builder-column-1{width:100% !important;margin-top : 0px;margin-bottom : 20px;}.fusion-builder-column-1 > .fusion-column-wrapper {padding-top : 0px !important;padding-right : 0px !important;margin-right : 1.92%;padding-bottom : 0px !important;padding-left : 0px !important;margin-left : 1.92%;}@media only screen and (max-width:1024px) {.fusion-body .fusion-builder-column-1{width:100% !important;order : 0;}.fusion-builder-column-1 > .fusion-column-wrapper {margin-right : 1.92%;margin-left : 1.92%;}}@media only screen and (max-width:640px) {.fusion-body .fusion-builder-column-1{width:100% !important;order : 0;}.fusion-builder-column-1 > .fusion-column-wrapper {margin-right : 1.92%;margin-left : 1.92%;}}<\/style><\/div><\/div><style type=\"text\/css\">.fusion-body .fusion-flex-container.fusion-builder-row-2{ padding-top : 0px;margin-top : 0px;padding-right : 0px;padding-bottom : 0px;margin-bottom : 0px;padding-left : 0px;}<\/style><\/div><div class=\"fusion-fullwidth fullwidth-box fusion-builder-row-3 fusion-flex-container nonhundred-percent-fullwidth non-hundred-percent-height-scrolling\" style=\"background-color: rgba(255,255,255,0);background-position: center center;background-repeat: no-repeat;border-width: 0px 0px 0px 0px;border-color:#e2e2e2;border-style:solid;\" ><div class=\"fusion-builder-row fusion-row fusion-flex-align-items-flex-start\" style=\"max-width:1258.4px;margin-left: calc(-4% \/ 2 );margin-right: calc(-4% \/ 2 );\"><div class=\"fusion-layout-column fusion_builder_column fusion-builder-column-2 fusion_builder_column_1_1 1_1 fusion-flex-column\"><div class=\"fusion-column-wrapper fusion-flex-justify-content-flex-start fusion-content-layout-column\" style=\"background-position:left top;background-repeat:no-repeat;-webkit-background-size:cover;-moz-background-size:cover;-o-background-size:cover;background-size:cover;padding: 0px 0px 0px 0px;\"><div class=\"fusion-text fusion-text-4\"><p style=\"text-align: center;\"><strong>Consult\u00e1 otras Preguntas Frecuentes Respondidas:<\/strong><\/p>\n<\/div><\/div><style type=\"text\/css\">.fusion-body .fusion-builder-column-2{width:100% !important;margin-top : 20px;margin-bottom : 20px;}.fusion-builder-column-2 > .fusion-column-wrapper {padding-top : 0px !important;padding-right : 0px !important;margin-right : 1.92%;padding-bottom : 0px !important;padding-left : 0px !important;margin-left : 1.92%;}@media only screen and (max-width:1024px) {.fusion-body .fusion-builder-column-2{width:100% !important;order : 0;}.fusion-builder-column-2 > .fusion-column-wrapper {margin-right : 1.92%;margin-left : 1.92%;}}@media only screen and (max-width:640px) {.fusion-body .fusion-builder-column-2{width:100% !important;order : 0;}.fusion-builder-column-2 > .fusion-column-wrapper {margin-right : 1.92%;margin-left : 1.92%;}}<\/style><\/div><div class=\"fusion-layout-column fusion_builder_column fusion-builder-column-3 fusion_builder_column_1_3 1_3 fusion-flex-column\"><div class=\"fusion-column-wrapper fusion-flex-justify-content-flex-start fusion-content-layout-column\" style=\"background-position:left top;background-repeat:no-repeat;-webkit-background-size:cover;-moz-background-size:cover;-o-background-size:cover;background-size:cover;padding: 0px 0px 0px 0px;\"><div style=\"text-align:center;\"><style type=\"text\/css\">.fusion-button.button-1 {border-radius:4px;}.fusion-button.button-1 .fusion-button-text {text-transform:uppercase;}<\/style><a class=\"fusion-button button-flat fusion-button-default-size button-default button-1 fusion-button-default-span fusion-button-default-type\" target=\"_self\" href=\"https:\/\/www.aguadbienesraices.com.ar\/blog\/preguntas-frecuentes-respondidas\/\" style=\"margin-top:10px;margin-bottom:10px;\"><span class=\"fusion-button-text\">Administraci\u00f3n<\/span><\/a><\/div><\/div><style type=\"text\/css\">.fusion-body .fusion-builder-column-3{width:33.333333333333% !important;margin-top : 0px;margin-bottom : 20px;}.fusion-builder-column-3 > .fusion-column-wrapper {padding-top : 0px !important;padding-right : 0px !important;margin-right : 5.76%;padding-bottom : 0px !important;padding-left : 0px !important;margin-left : 5.76%;}@media only screen and (max-width:1024px) {.fusion-body .fusion-builder-column-3{width:33.333333333333% !important;order : 0;}.fusion-builder-column-3 > .fusion-column-wrapper {margin-right : 5.76%;margin-left : 5.76%;}}@media only screen and (max-width:640px) {.fusion-body .fusion-builder-column-3{width:100% !important;order : 0;}.fusion-builder-column-3 > .fusion-column-wrapper {margin-right : 1.92%;margin-left : 1.92%;}}<\/style><\/div><div class=\"fusion-layout-column fusion_builder_column fusion-builder-column-4 fusion_builder_column_1_3 1_3 fusion-flex-column\"><div class=\"fusion-column-wrapper fusion-flex-justify-content-flex-start fusion-content-layout-column\" style=\"background-position:left top;background-repeat:no-repeat;-webkit-background-size:cover;-moz-background-size:cover;-o-background-size:cover;background-size:cover;padding: 0px 0px 0px 0px;\"><div style=\"text-align:center;\"><style type=\"text\/css\">.fusion-button.button-2 {border-radius:4px;}.fusion-button.button-2 .fusion-button-text {text-transform:uppercase;}<\/style><a class=\"fusion-button button-flat fusion-button-default-size button-default button-2 fusion-button-default-span fusion-button-default-type\" target=\"_self\" href=\"https:\/\/www.aguadbienesraices.com.ar\/blog\/preguntas-frecuentes-alquileres\" style=\"margin-top:10px;margin-bottom:10px;\"><span class=\"fusion-button-text\">Alquileres<\/span><\/a><\/div><\/div><style type=\"text\/css\">.fusion-body .fusion-builder-column-4{width:33.333333333333% !important;margin-top : 0px;margin-bottom : 20px;}.fusion-builder-column-4 > .fusion-column-wrapper {padding-top : 0px !important;padding-right : 0px !important;margin-right : 5.76%;padding-bottom : 0px !important;padding-left : 0px !important;margin-left : 5.76%;}@media only screen and (max-width:1024px) {.fusion-body .fusion-builder-column-4{width:33.333333333333% !important;order : 0;}.fusion-builder-column-4 > .fusion-column-wrapper {margin-right : 5.76%;margin-left : 5.76%;}}@media only screen and (max-width:640px) {.fusion-body .fusion-builder-column-4{width:100% !important;order : 0;}.fusion-builder-column-4 > .fusion-column-wrapper {margin-right : 1.92%;margin-left : 1.92%;}}<\/style><\/div><div class=\"fusion-layout-column fusion_builder_column fusion-builder-column-5 fusion_builder_column_1_3 1_3 fusion-flex-column\"><div class=\"fusion-column-wrapper fusion-flex-justify-content-flex-start fusion-content-layout-column\" style=\"background-position:left top;background-repeat:no-repeat;-webkit-background-size:cover;-moz-background-size:cover;-o-background-size:cover;background-size:cover;padding: 0px 0px 0px 0px;\"><div style=\"text-align:center;\"><style type=\"text\/css\">.fusion-button.button-3 {border-radius:4px;}.fusion-button.button-3 .fusion-button-text {text-transform:uppercase;}<\/style><a class=\"fusion-button button-flat fusion-button-default-size button-default button-3 fusion-button-default-span fusion-button-default-type\" target=\"_self\" href=\"https:\/\/www.aguadbienesraices.com.ar\/blog\/preguntas-frecuentes-venta\" style=\"margin-top:10px;margin-bottom:10px;\"><span class=\"fusion-button-text\">Venta<\/span><\/a><\/div><\/div><style type=\"text\/css\">.fusion-body .fusion-builder-column-5{width:33.333333333333% !important;margin-top : 0px;margin-bottom : 20px;}.fusion-builder-column-5 > .fusion-column-wrapper {padding-top : 0px !important;padding-right : 0px !important;margin-right : 5.76%;padding-bottom : 0px !important;padding-left : 0px !important;margin-left : 5.76%;}@media only screen and (max-width:1024px) {.fusion-body .fusion-builder-column-5{width:33.333333333333% !important;order : 0;}.fusion-builder-column-5 > .fusion-column-wrapper {margin-right : 5.76%;margin-left : 5.76%;}}@media only screen and (max-width:640px) {.fusion-body .fusion-builder-column-5{width:100% !important;order : 0;}.fusion-builder-column-5 > .fusion-column-wrapper {margin-right : 1.92%;margin-left : 1.92%;}}<\/style><\/div><div class=\"fusion-layout-column fusion_builder_column fusion-builder-column-6 fusion_builder_column_1_1 1_1 fusion-flex-column\"><div class=\"fusion-column-wrapper fusion-flex-justify-content-flex-start fusion-content-layout-column\" style=\"background-position:left top;background-repeat:no-repeat;-webkit-background-size:cover;-moz-background-size:cover;-o-background-size:cover;background-size:cover;padding: 0px 0px 0px 0px;\"><div class=\"fusion-text fusion-text-5\"><p><strong>En caso, de que creas que haya alguna pregunta frecuente que no hayamos colocado, y creas que ser\u00eda importante que este, por favor, d\u00e9janosla para que la analicemos y veamos la posibilidad de agregarla. Muchas Gracias. <\/strong><\/p>\n<\/div><\/div><style type=\"text\/css\">.fusion-body .fusion-builder-column-6{width:100% !important;margin-top : 3%;margin-bottom : 20px;}.fusion-builder-column-6 > .fusion-column-wrapper {padding-top : 0px !important;padding-right : 0px !important;margin-right : 1.92%;padding-bottom : 0px !important;padding-left : 0px !important;margin-left : 1.92%;}@media only screen and (max-width:1024px) {.fusion-body .fusion-builder-column-6{width:100% !important;order : 0;}.fusion-builder-column-6 > .fusion-column-wrapper {margin-right : 1.92%;margin-left : 1.92%;}}@media only screen and (max-width:640px) {.fusion-body .fusion-builder-column-6{width:100% !important;order : 0;}.fusion-builder-column-6 > .fusion-column-wrapper {margin-right : 1.92%;margin-left : 1.92%;}}<\/style><\/div><\/div><style type=\"text\/css\">.fusion-body .fusion-flex-container.fusion-builder-row-3{ padding-top : 0px;margin-top : 0px;padding-right : 0px;padding-bottom : 0px;margin-bottom : 0px;padding-left : 0px;}<\/style><\/div><\/p>\n","protected":false},"excerpt":{"rendered":"","protected":false},"author":1,"featured_media":0,"parent":0,"menu_order":0,"comment_status":"closed","ping_status":"closed","template":"","meta":{"footnotes":""},"class_list":["post-33653","page","type-page","status-publish","hentry"],"_links":{"self":[{"href":"https:\/\/www.aguadbienesraices.com.ar\/blog\/wp-json\/wp\/v2\/pages\/33653","targetHints":{"allow":["GET"]}}],"collection":[{"href":"https:\/\/www.aguadbienesraices.com.ar\/blog\/wp-json\/wp\/v2\/pages"}],"about":[{"href":"https:\/\/www.aguadbienesraices.com.ar\/blog\/wp-json\/wp\/v2\/types\/page"}],"author":[{"embeddable":true,"href":"https:\/\/www.aguadbienesraices.com.ar\/blog\/wp-json\/wp\/v2\/users\/1"}],"replies":[{"embeddable":true,"href":"https:\/\/www.aguadbienesraices.com.ar\/blog\/wp-json\/wp\/v2\/comments?post=33653"}],"version-history":[{"count":8,"href":"https:\/\/www.aguadbienesraices.com.ar\/blog\/wp-json\/wp\/v2\/pages\/33653\/revisions"}],"predecessor-version":[{"id":34115,"href":"https:\/\/www.aguadbienesraices.com.ar\/blog\/wp-json\/wp\/v2\/pages\/33653\/revisions\/34115"}],"wp:attachment":[{"href":"https:\/\/www.aguadbienesraices.com.ar\/blog\/wp-json\/wp\/v2\/media?parent=33653"}],"curies":[{"name":"wp","href":"https:\/\/api.w.org\/{rel}","templated":true}]}}