{"id":33319,"date":"2021-07-13T09:13:21","date_gmt":"2021-07-13T12:13:21","guid":{"rendered":"http:\/\/www.aguadbienesraices.com\/blog\/?page_id=33319"},"modified":"2024-01-24T10:15:30","modified_gmt":"2024-01-24T13:15:30","slug":"preguntas-frecuentes-respondidas","status":"publish","type":"page","link":"https:\/\/www.aguadbienesraices.com.ar\/blog\/preguntas-frecuentes-respondidas\/","title":{"rendered":"Preguntas Frecuentes Respondidas &#8211; Administraci\u00f3n"},"content":{"rendered":"<p><div class=\"fusion-fullwidth fullwidth-box fusion-builder-row-1 fusion-flex-container nonhundred-percent-fullwidth non-hundred-percent-height-scrolling\" style=\"background-color: rgba(255,255,255,0);background-position: center center;background-repeat: no-repeat;border-width: 0px 0px 0px 0px;border-color:#e2e2e2;border-style:solid;\" ><div class=\"fusion-builder-row fusion-row fusion-flex-align-items-flex-start\" style=\"max-width:1258.4px;margin-left: calc(-4% \/ 2 );margin-right: calc(-4% \/ 2 );\"><div class=\"fusion-layout-column fusion_builder_column fusion-builder-column-0 fusion_builder_column_1_1 1_1 fusion-flex-column\"><div class=\"fusion-column-wrapper fusion-flex-justify-content-flex-start fusion-content-layout-column\" style=\"background-position:left top;background-repeat:no-repeat;-webkit-background-size:cover;-moz-background-size:cover;-o-background-size:cover;background-size:cover;padding: 0px 0px 0px 0px;\"><div class=\"fusion-text fusion-text-1\"><div class=\"wpb_text_column wpb_content_element \">\n<div class=\"wpb_wrapper\">\n<p><strong>En esta secci\u00f3n te dejamos algunas consultas y respuestas frecuentes que surgen sobre:<\/strong><\/p>\n<\/div>\n<\/div>\n<div class=\"wpb_text_column wpb_content_element \">\n<div class=\"wpb_wrapper\"><\/div>\n<\/div>\n<\/div><div class=\"fusion-text fusion-text-2\" id=\"pf-administracion\"><h3><strong>ADMINISTRACI\u00d3N<\/strong><\/h3>\n<\/div><style type=\"text\/css\">.fusion-accordian  #accordion-33319-1 .panel-title a .fa-fusion-box{ color: #ffffff;}.fusion-accordian  #accordion-33319-1 .panel-title a .fa-fusion-box:before{ font-size: 16px; width: 16px;}.fusion-accordian  #accordion-33319-1 .fa-fusion-box { background-color: #212934;border-color: #212934;}.fusion-accordian  #accordion-33319-1 .panel-title a:hover, #accordion-33319-1 .fusion-toggle-boxed-mode:hover .panel-title a { color: #0a428d;}.fusion-accordian  #accordion-33319-1 .panel-title .active .fa-fusion-box,.fusion-accordian  #accordion-33319-1 .panel-title a:hover .fa-fusion-box { background-color: #0a428d!important;border-color: #0a428d!important;}<\/style><div class=\"accordian fusion-accordian\"><div class=\"panel-group\" id=\"accordion-33319-1\"><div class=\"fusion-panel panel-default\"><div class=\"panel-heading\"><h4 class=\"panel-title toggle\"><a aria-expanded=\"false\" aria-controls=\"b56c934a31dc0f2f5\" role=\"button\" data-toggle=\"collapse\" data-parent=\"#accordion-33319-1\" data-target=\"#b56c934a31dc0f2f5\" href=\"#b56c934a31dc0f2f5\"><span class=\"fusion-toggle-icon-wrapper\" aria-hidden=\"true\"><i class=\"fa-fusion-box\" aria-hidden=\"true\"><\/i><\/span><span class=\"fusion-toggle-heading\">EXPENSAS \u00bfCUALES DEBO ABONAR? GASTOS COMUNES ORDINARIOS Y EXTRAORDINARIOS<\/span><\/a><\/h4><\/div><div id=\"b56c934a31dc0f2f5\" class=\"panel-collapse collapse \"><div class=\"panel-body toggle-content fusion-clearfix\">\n<p>Los inmuebles que se corresponden a la propiedad horizontal (Arts. 2037 al 2072 &#8211; el T\u00edtulo V del C.C.C.N) o similares con espacios comunes que pagan expensas pueden encontrarse con dos tipos de expensas o gastos comunes:<\/p>\n<p>EXPENSAS ORDINARIAS: Son los gastos relacionados al uso, goce y mantenimiento del inmueble, como el mantenimiento general y limpieza de los espacios comunes, arreglo de ascensores, recarga matafuegos etc., por lo general son a cargo del locatario.<\/p>\n<p>EXPENSAS EXTRAORDINARIAS: Son modificaciones en general que mejoran y agregan valor al inmueble o a los espacios comunes, como pintura general del edificio, gastos eventuales, cambio de portal de entrada, esculturas, renovaci\u00f3n de ascensores etc.) por lo general son a cargo del Locador.<\/p>\n<\/div><\/div><\/div><div class=\"fusion-panel panel-default\"><div class=\"panel-heading\"><h4 class=\"panel-title toggle\"><a aria-expanded=\"false\" aria-controls=\"8a7b7e7c517a45451\" role=\"button\" data-toggle=\"collapse\" data-parent=\"#accordion-33319-1\" data-target=\"#8a7b7e7c517a45451\" href=\"#8a7b7e7c517a45451\"><span class=\"fusion-toggle-icon-wrapper\" aria-hidden=\"true\"><i class=\"fa-fusion-box\" aria-hidden=\"true\"><\/i><\/span><span class=\"fusion-toggle-heading\">QUIERO RESOLVER EL CONTRATO, \u00bfC\u00d3MO TENGO QUE HACER?<\/span><\/a><\/h4><\/div><div id=\"8a7b7e7c517a45451\" class=\"panel-collapse collapse \"><div class=\"panel-body toggle-content fusion-clearfix\">\n<p>El locatario puede rescindir anticipadamente el contrato en cualquier momento. Ya no hace falta esperar a que transcurran los primeros 6 meses de locaci\u00f3n. Se establece una \u00fanica indemnizaci\u00f3n en favor del locador que es el equivalente al 10% del monto total que reste abonar del contrato.<\/p>\n<\/div><\/div><\/div><div class=\"fusion-panel panel-default\"><div class=\"panel-heading\"><h4 class=\"panel-title toggle\"><a aria-expanded=\"false\" aria-controls=\"07011572f566b41ae\" role=\"button\" data-toggle=\"collapse\" data-parent=\"#accordion-33319-1\" data-target=\"#07011572f566b41ae\" href=\"#07011572f566b41ae\"><span class=\"fusion-toggle-icon-wrapper\" aria-hidden=\"true\"><i class=\"fa-fusion-box\" aria-hidden=\"true\"><\/i><\/span><span class=\"fusion-toggle-heading\">\u00bfQUE PASA SI EL ULTIMO DIA DE VENCIMIENTO PARA EL PAGO DEL ALQUILER CADA SABADO, DOMINGO O FERIADO?<\/span><\/a><\/h4><\/div><div id=\"07011572f566b41ae\" class=\"panel-collapse collapse \"><div class=\"panel-body toggle-content fusion-clearfix\">\n<p>Si el \u00faltimo d\u00eda para abonar el canon locativo cada d\u00eda inh\u00e1bil, ya sea fin de semana o feriado, pasa al d\u00eda h\u00e1bil siguiente. A modo de ejemplo, si d\u00eda diez, que es el ultimo d\u00eda para pagar el alquiler sin mora es s\u00e1bado, autom\u00e1ticamente se traslada al h\u00e1bil siguiente que ser\u00eda, el d\u00eda lunes doce.<\/p>\n<\/div><\/div><\/div><div class=\"fusion-panel panel-default\"><div class=\"panel-heading\"><h4 class=\"panel-title toggle\"><a aria-expanded=\"false\" aria-controls=\"afb3f964d71d01993\" role=\"button\" data-toggle=\"collapse\" data-parent=\"#accordion-33319-1\" data-target=\"#afb3f964d71d01993\" href=\"#afb3f964d71d01993\"><span class=\"fusion-toggle-icon-wrapper\" aria-hidden=\"true\"><i class=\"fa-fusion-box\" aria-hidden=\"true\"><\/i><\/span><span class=\"fusion-toggle-heading\">INTERESES<\/span><\/a><\/h4><\/div><div id=\"afb3f964d71d01993\" class=\"panel-collapse collapse \"><div class=\"panel-body toggle-content fusion-clearfix\">\n<p>Los intereses punitorios por pago fuera de termino se perciben contado a partir del primer d\u00eda del mes de mora, es decir primero de cada mes, hasta el d\u00eda en el que el pago se haga efectivo. A modo de ejemplo, si uno abona el d\u00eda quince del mes en curso le corresponden quince d\u00edas de mora. El inter\u00e9s depende del contrato de locaci\u00f3n suscripto.<\/p>\n<\/div><\/div><\/div><div class=\"fusion-panel panel-default\"><div class=\"panel-heading\"><h4 class=\"panel-title toggle\"><a aria-expanded=\"false\" aria-controls=\"250347a4815cd68c3\" role=\"button\" data-toggle=\"collapse\" data-parent=\"#accordion-33319-1\" data-target=\"#250347a4815cd68c3\" href=\"#250347a4815cd68c3\"><span class=\"fusion-toggle-icon-wrapper\" aria-hidden=\"true\"><i class=\"fa-fusion-box\" aria-hidden=\"true\"><\/i><\/span><span class=\"fusion-toggle-heading\">FINALIZACI\u00d3N DEL CONTRATO DE LOCACI\u00d3N<\/span><\/a><\/h4><\/div><div id=\"250347a4815cd68c3\" class=\"panel-collapse collapse \"><div class=\"panel-body toggle-content fusion-clearfix\">\n<p>ENTREGA DE LLAVES Y RECEPCI\u00d3N DEL INMUEBLE.<\/p>\n<p>Cumplido el plazo del contrato de locaci\u00f3n, debes devolver el Inmueble que fue tu vivienda durante alg\u00fan tiempo.<\/p>\n<p>Deber\u00e1s entregar el inmueble en el mismo estado en que se encontraba cuando ingresaste a vivir y de acuerdo al contrato de locaci\u00f3n suscripto, por lo que te sugerimos que con un mes de anticipaci\u00f3n te llegues a la administraci\u00f3n y veas lo puntos m\u00e1s importantes para que no haya malos entendidos.<\/p>\n<p>Recorda que los impuestos provinciales, tasa municipal y servicios de aguas cordobesas se pagan a mes vencido mientras que los gastos comunes dependen de cada edificio o complejo. Por lo que cuando dejes el inmueble vas a tener que dejar abonado los impuestos que se pagan en el mes posterior a que hayas entregado el inmueble. A modo de ejemplo, si dejas el inmueble en agosto, en septiembre se van a abonar Rentas, Municipalidad y aguas Cordobesas correspondientes al periodo de agosto. En definitiva, vas a tener que abonar la cantidad de meses que hayas ocupado el inmueble.<\/p>\n<\/div><\/div><\/div><div class=\"fusion-panel panel-default\"><div class=\"panel-heading\"><h4 class=\"panel-title toggle\"><a aria-expanded=\"false\" aria-controls=\"3ee7f53dc0225de33\" role=\"button\" data-toggle=\"collapse\" data-parent=\"#accordion-33319-1\" data-target=\"#3ee7f53dc0225de33\" href=\"#3ee7f53dc0225de33\"><span class=\"fusion-toggle-icon-wrapper\" aria-hidden=\"true\"><i class=\"fa-fusion-box\" aria-hidden=\"true\"><\/i><\/span><span class=\"fusion-toggle-heading\">CAMBIAR LA COMBINACION DE LAS CERRADURAS<\/span><\/a><\/h4><\/div><div id=\"3ee7f53dc0225de33\" class=\"panel-collapse collapse \"><div class=\"panel-body toggle-content fusion-clearfix\">\n<p>Cuando ingreses al inmueble record\u00e1 cambiar la combinaci\u00f3n de las cerraduras por temas de privacidad y seguridad.<\/p>\n<\/div><\/div><\/div><div class=\"fusion-panel panel-default\"><div class=\"panel-heading\"><h4 class=\"panel-title toggle\"><a aria-expanded=\"false\" aria-controls=\"63fc032bf6ca5a580\" role=\"button\" data-toggle=\"collapse\" data-parent=\"#accordion-33319-1\" data-target=\"#63fc032bf6ca5a580\" href=\"#63fc032bf6ca5a580\"><span class=\"fusion-toggle-icon-wrapper\" aria-hidden=\"true\"><i class=\"fa-fusion-box\" aria-hidden=\"true\"><\/i><\/span><span class=\"fusion-toggle-heading\">YA ESTOY ALQUILANDO Y QUIERO RENOVAR, \u00bfQUE TENGO QUE HACER?<\/span><\/a><\/h4><\/div><div id=\"63fc032bf6ca5a580\" class=\"panel-collapse collapse \"><div class=\"panel-body toggle-content fusion-clearfix\">\n<p>La renovaci\u00f3n de un contrato de alquiler lleva los mismos pasos que un contrato nuevo, se deber\u00e1 definir el precio de la relaci\u00f3n locativa, habr\u00e1 que analizar garant\u00edas, realizar los informes de las mismas, una vez aprobada las mismas firmar el respectivo contrato de locaci\u00f3n ante escribano p\u00fablico, y tendr\u00e1s los mismos gastos que cuando ingresaste: timbrado de contrato de locaci\u00f3n si corresponde, honorarios profesionales e informes. A estos costos deber\u00e1s sumarle la certificaci\u00f3n de firmas ante escribano p\u00fablico, que depende de cada notario.<\/p>\n<\/div><\/div><\/div><div class=\"fusion-panel panel-default\"><div class=\"panel-heading\"><h4 class=\"panel-title toggle\"><a aria-expanded=\"false\" aria-controls=\"3435e42e10dc7ab03\" role=\"button\" data-toggle=\"collapse\" data-parent=\"#accordion-33319-1\" data-target=\"#3435e42e10dc7ab03\" href=\"#3435e42e10dc7ab03\"><span class=\"fusion-toggle-icon-wrapper\" aria-hidden=\"true\"><i class=\"fa-fusion-box\" aria-hidden=\"true\"><\/i><\/span><span class=\"fusion-toggle-heading\">QUIERO PRORROGA MI CONTRATO DE LOCACI\u00d3N. \u00bfQU\u00c9 TENGO QUE HACER?<\/span><\/a><\/h4><\/div><div id=\"3435e42e10dc7ab03\" class=\"panel-collapse collapse \"><div class=\"panel-body toggle-content fusion-clearfix\">\n<p>En cuanto a las pr\u00f3rrogas de los contratos, que muchas veces se hac\u00edan \u00abde palabra\u00bb, ahora s\u00ed o s\u00ed deben hacerse por escrito, y conlleva el mismo proceso que una renovaci\u00f3n de un contrato de alquiler.<\/p>\n<\/div><\/div><\/div><div class=\"fusion-panel panel-default\"><div class=\"panel-heading\"><h4 class=\"panel-title toggle\"><a aria-expanded=\"false\" aria-controls=\"94a4e8ff6e70c83c5\" role=\"button\" data-toggle=\"collapse\" data-parent=\"#accordion-33319-1\" data-target=\"#94a4e8ff6e70c83c5\" href=\"#94a4e8ff6e70c83c5\"><span class=\"fusion-toggle-icon-wrapper\" aria-hidden=\"true\"><i class=\"fa-fusion-box\" aria-hidden=\"true\"><\/i><\/span><span class=\"fusion-toggle-heading\">TRATAMIENTO IMPOSITIVO DE LOS ALQUILERES<\/span><\/a><\/h4><\/div><div id=\"94a4e8ff6e70c83c5\" class=\"panel-collapse collapse \"><div class=\"panel-body toggle-content fusion-clearfix\">\n<p>Este punto te sugerimos que ingreses a nuestro blog y leas la nota: <a href=\"https:\/\/www.aguadbienesraices.com.ar\/el-tratamiento-impositivo-de-los-alquileres\/\">https:\/\/www.aguadbienesraices.com.ar\/el-tratamiento-impositivo-de-los-alquileres\/<\/a><\/p>\n<\/div><\/div><\/div><div class=\"fusion-panel panel-default\"><div class=\"panel-heading\"><h4 class=\"panel-title toggle\"><a aria-expanded=\"false\" aria-controls=\"3c351cef29d8a8e5b\" role=\"button\" data-toggle=\"collapse\" data-parent=\"#accordion-33319-1\" data-target=\"#3c351cef29d8a8e5b\" href=\"#3c351cef29d8a8e5b\"><span class=\"fusion-toggle-icon-wrapper\" aria-hidden=\"true\"><i class=\"fa-fusion-box\" aria-hidden=\"true\"><\/i><\/span><span class=\"fusion-toggle-heading\">HONORARIOS PROFESIONALES DE LA INMOBILIARIA. \u00bfC\u00d3MO SE CALCULA?<\/span><\/a><\/h4><\/div><div id=\"3c351cef29d8a8e5b\" class=\"panel-collapse collapse \"><div class=\"panel-body toggle-content fusion-clearfix\">\n<p>Lo que vulgarmente se denomina \u201ccomisi\u00f3n\u201d, son los honorarios profesionales que tiene derecho a cobrar el intermediario ya sea la Inmobiliaria o el Corredor Inmobiliario respecto a la labor profesional, en este caso con respecto al contratos de alquiler que consiga o que realice.<\/p>\n<p>Nuestra profesi\u00f3n se encuentra regulada por La Ley 9445, en donde establece los siguientes honorarios profesionales, a los cuales habr\u00e1 que agregarle el impuesto al valor agregado (IVA).<\/p>\n<ul>\n<li>Arrendamientos rurales y locaciones urbanas: cinco por ciento (5%) del monto del contrato a cargo del arrendatario o locatario;<\/li>\n<li>Locaciones por temporada: diez por ciento (10%) del monto del contrato, a cargo de cada parte;<\/li>\n<li>Administraci\u00f3n de propiedades: 1. De plaza el diez por ciento (10%), y 2. De otras plazas: el quince por ciento (15%) del monto recaudado.<\/li>\n<\/ul>\n<p>Los honorarios profesionales por alquiler, como dijimos es el 5% del monto total del contrato m\u00e1s la situaci\u00f3n tributaria del profesional. Este valor se obtiene sumando uno a uno los 24 meses del contrato y calculando el 5% de ese total.<\/p>\n<\/div><\/div><\/div><\/div><\/div><\/div><style type=\"text\/css\">.fusion-body .fusion-builder-column-0{width:100% !important;margin-top : 0px;margin-bottom : 20px;}.fusion-builder-column-0 > .fusion-column-wrapper {padding-top : 0px !important;padding-right : 0px !important;margin-right : 1.92%;padding-bottom : 0px !important;padding-left : 0px !important;margin-left : 1.92%;}@media only screen and (max-width:1024px) {.fusion-body .fusion-builder-column-0{width:100% !important;order : 0;}.fusion-builder-column-0 > .fusion-column-wrapper {margin-right : 1.92%;margin-left : 1.92%;}}@media only screen and (max-width:640px) {.fusion-body .fusion-builder-column-0{width:100% !important;order : 0;}.fusion-builder-column-0 > .fusion-column-wrapper {margin-right : 1.92%;margin-left : 1.92%;}}<\/style><\/div><\/div><style type=\"text\/css\">.fusion-body .fusion-flex-container.fusion-builder-row-1{ padding-top : 0px;margin-top : 0px;padding-right : 0px;padding-bottom : 0px;margin-bottom : 0px;padding-left : 0px;}<\/style><\/div><div class=\"fusion-fullwidth fullwidth-box fusion-builder-row-2 fusion-flex-container nonhundred-percent-fullwidth non-hundred-percent-height-scrolling\" style=\"background-color: rgba(255,255,255,0);background-position: center center;background-repeat: no-repeat;border-width: 0px 0px 0px 0px;border-color:#e2e2e2;border-style:solid;\" ><div class=\"fusion-builder-row fusion-row fusion-flex-align-items-flex-start\" style=\"max-width:1258.4px;margin-left: calc(-4% \/ 2 );margin-right: calc(-4% \/ 2 );\"><div class=\"fusion-layout-column fusion_builder_column fusion-builder-column-1 fusion_builder_column_1_1 1_1 fusion-flex-column\"><div class=\"fusion-column-wrapper fusion-flex-justify-content-flex-start fusion-content-layout-column\" style=\"background-position:left top;background-repeat:no-repeat;-webkit-background-size:cover;-moz-background-size:cover;-o-background-size:cover;background-size:cover;padding: 0px 0px 0px 0px;\"><div class=\"fusion-text fusion-text-3\"><p style=\"text-align: center;\"><strong>Consult\u00e1 otras Preguntas Frecuentes Respondidas:<\/strong><\/p>\n<\/div><\/div><style type=\"text\/css\">.fusion-body .fusion-builder-column-1{width:100% !important;margin-top : 20px;margin-bottom : 20px;}.fusion-builder-column-1 > .fusion-column-wrapper {padding-top : 0px !important;padding-right : 0px !important;margin-right : 1.92%;padding-bottom : 0px !important;padding-left : 0px !important;margin-left : 1.92%;}@media only screen and (max-width:1024px) {.fusion-body .fusion-builder-column-1{width:100% !important;order : 0;}.fusion-builder-column-1 > .fusion-column-wrapper {margin-right : 1.92%;margin-left : 1.92%;}}@media only screen and (max-width:640px) {.fusion-body .fusion-builder-column-1{width:100% !important;order : 0;}.fusion-builder-column-1 > .fusion-column-wrapper {margin-right : 1.92%;margin-left : 1.92%;}}<\/style><\/div><div class=\"fusion-layout-column fusion_builder_column fusion-builder-column-2 fusion_builder_column_1_3 1_3 fusion-flex-column\"><div class=\"fusion-column-wrapper fusion-flex-justify-content-flex-start fusion-content-layout-column\" style=\"background-position:left top;background-repeat:no-repeat;-webkit-background-size:cover;-moz-background-size:cover;-o-background-size:cover;background-size:cover;padding: 0px 0px 0px 0px;\"><div style=\"text-align:center;\"><style type=\"text\/css\">.fusion-button.button-1 {border-radius:4px;}.fusion-button.button-1 .fusion-button-text {text-transform:uppercase;}<\/style><a class=\"fusion-button button-flat fusion-button-default-size button-default button-1 fusion-button-default-span fusion-button-default-type\" target=\"_self\" href=\"https:\/\/www.aguadbienesraices.com.ar\/blog\/preguntas-frecuentes-respondidas\/\" style=\"margin-top:10px;margin-bottom:10px;\"><span class=\"fusion-button-text\">Administraci\u00f3n<\/span><\/a><\/div><\/div><style type=\"text\/css\">.fusion-body .fusion-builder-column-2{width:33.333333333333% !important;margin-top : 0px;margin-bottom : 20px;}.fusion-builder-column-2 > .fusion-column-wrapper {padding-top : 0px !important;padding-right : 0px !important;margin-right : 5.76%;padding-bottom : 0px !important;padding-left : 0px !important;margin-left : 5.76%;}@media only screen and (max-width:1024px) {.fusion-body .fusion-builder-column-2{width:33.333333333333% !important;order : 0;}.fusion-builder-column-2 > .fusion-column-wrapper {margin-right : 5.76%;margin-left : 5.76%;}}@media only screen and (max-width:640px) {.fusion-body .fusion-builder-column-2{width:100% !important;order : 0;}.fusion-builder-column-2 > .fusion-column-wrapper {margin-right : 1.92%;margin-left : 1.92%;}}<\/style><\/div><div class=\"fusion-layout-column fusion_builder_column fusion-builder-column-3 fusion_builder_column_1_3 1_3 fusion-flex-column\"><div class=\"fusion-column-wrapper fusion-flex-justify-content-flex-start fusion-content-layout-column\" style=\"background-position:left top;background-repeat:no-repeat;-webkit-background-size:cover;-moz-background-size:cover;-o-background-size:cover;background-size:cover;padding: 0px 0px 0px 0px;\"><div style=\"text-align:center;\"><style type=\"text\/css\">.fusion-button.button-2 {border-radius:4px;}.fusion-button.button-2 .fusion-button-text {text-transform:uppercase;}<\/style><a class=\"fusion-button button-flat fusion-button-default-size button-default button-2 fusion-button-default-span fusion-button-default-type\" target=\"_self\" href=\"https:\/\/www.aguadbienesraices.com.ar\/blog\/preguntas-frecuentes-alquileres\" style=\"margin-top:10px;margin-bottom:10px;\"><span class=\"fusion-button-text\">Alquileres<\/span><\/a><\/div><\/div><style type=\"text\/css\">.fusion-body .fusion-builder-column-3{width:33.333333333333% !important;margin-top : 0px;margin-bottom : 20px;}.fusion-builder-column-3 > .fusion-column-wrapper {padding-top : 0px !important;padding-right : 0px !important;margin-right : 5.76%;padding-bottom : 0px !important;padding-left : 0px !important;margin-left : 5.76%;}@media only screen and (max-width:1024px) {.fusion-body .fusion-builder-column-3{width:33.333333333333% !important;order : 0;}.fusion-builder-column-3 > .fusion-column-wrapper {margin-right : 5.76%;margin-left : 5.76%;}}@media only screen and (max-width:640px) {.fusion-body .fusion-builder-column-3{width:100% !important;order : 0;}.fusion-builder-column-3 > .fusion-column-wrapper {margin-right : 1.92%;margin-left : 1.92%;}}<\/style><\/div><div class=\"fusion-layout-column fusion_builder_column fusion-builder-column-4 fusion_builder_column_1_3 1_3 fusion-flex-column\"><div class=\"fusion-column-wrapper fusion-flex-justify-content-flex-start fusion-content-layout-column\" style=\"background-position:left top;background-repeat:no-repeat;-webkit-background-size:cover;-moz-background-size:cover;-o-background-size:cover;background-size:cover;padding: 0px 0px 0px 0px;\"><div style=\"text-align:center;\"><style type=\"text\/css\">.fusion-button.button-3 {border-radius:4px;}.fusion-button.button-3 .fusion-button-text {text-transform:uppercase;}<\/style><a class=\"fusion-button button-flat fusion-button-default-size button-default button-3 fusion-button-default-span fusion-button-default-type\" target=\"_self\" href=\"https:\/\/www.aguadbienesraices.com.ar\/blog\/preguntas-frecuentes-venta\" style=\"margin-top:10px;margin-bottom:10px;\"><span class=\"fusion-button-text\">Venta<\/span><\/a><\/div><\/div><style type=\"text\/css\">.fusion-body .fusion-builder-column-4{width:33.333333333333% !important;margin-top : 0px;margin-bottom : 20px;}.fusion-builder-column-4 > .fusion-column-wrapper {padding-top : 0px !important;padding-right : 0px !important;margin-right : 5.76%;padding-bottom : 0px !important;padding-left : 0px !important;margin-left : 5.76%;}@media only screen and (max-width:1024px) {.fusion-body .fusion-builder-column-4{width:33.333333333333% !important;order : 0;}.fusion-builder-column-4 > .fusion-column-wrapper {margin-right : 5.76%;margin-left : 5.76%;}}@media only screen and (max-width:640px) {.fusion-body .fusion-builder-column-4{width:100% !important;order : 0;}.fusion-builder-column-4 > .fusion-column-wrapper {margin-right : 1.92%;margin-left : 1.92%;}}<\/style><\/div><div class=\"fusion-layout-column fusion_builder_column fusion-builder-column-5 fusion_builder_column_1_1 1_1 fusion-flex-column\"><div class=\"fusion-column-wrapper fusion-flex-justify-content-flex-start fusion-content-layout-column\" style=\"background-position:left top;background-repeat:no-repeat;-webkit-background-size:cover;-moz-background-size:cover;-o-background-size:cover;background-size:cover;padding: 0px 0px 0px 0px;\"><div class=\"fusion-text fusion-text-4\"><p><strong>En caso, de que creas que haya alguna pregunta frecuente que no hayamos colocado, y creas que ser\u00eda importante que este, por favor, d\u00e9janosla para que la analicemos y veamos la posibilidad de agregarla. Muchas Gracias. <\/strong><\/p>\n<\/div><\/div><style type=\"text\/css\">.fusion-body .fusion-builder-column-5{width:100% !important;margin-top : 3%;margin-bottom : 20px;}.fusion-builder-column-5 > .fusion-column-wrapper {padding-top : 0px !important;padding-right : 0px !important;margin-right : 1.92%;padding-bottom : 0px !important;padding-left : 0px !important;margin-left : 1.92%;}@media only screen and (max-width:1024px) {.fusion-body .fusion-builder-column-5{width:100% !important;order : 0;}.fusion-builder-column-5 > .fusion-column-wrapper {margin-right : 1.92%;margin-left : 1.92%;}}@media only screen and (max-width:640px) {.fusion-body .fusion-builder-column-5{width:100% !important;order : 0;}.fusion-builder-column-5 > .fusion-column-wrapper {margin-right : 1.92%;margin-left : 1.92%;}}<\/style><\/div><\/div><style type=\"text\/css\">.fusion-body .fusion-flex-container.fusion-builder-row-2{ padding-top : 0px;margin-top : 0px;padding-right : 0px;padding-bottom : 0px;margin-bottom : 0px;padding-left : 0px;}<\/style><\/div><\/p>\n","protected":false},"excerpt":{"rendered":"","protected":false},"author":1,"featured_media":0,"parent":0,"menu_order":0,"comment_status":"closed","ping_status":"closed","template":"","meta":{"footnotes":""},"class_list":["post-33319","page","type-page","status-publish","hentry"],"_links":{"self":[{"href":"https:\/\/www.aguadbienesraices.com.ar\/blog\/wp-json\/wp\/v2\/pages\/33319","targetHints":{"allow":["GET"]}}],"collection":[{"href":"https:\/\/www.aguadbienesraices.com.ar\/blog\/wp-json\/wp\/v2\/pages"}],"about":[{"href":"https:\/\/www.aguadbienesraices.com.ar\/blog\/wp-json\/wp\/v2\/types\/page"}],"author":[{"embeddable":true,"href":"https:\/\/www.aguadbienesraices.com.ar\/blog\/wp-json\/wp\/v2\/users\/1"}],"replies":[{"embeddable":true,"href":"https:\/\/www.aguadbienesraices.com.ar\/blog\/wp-json\/wp\/v2\/comments?post=33319"}],"version-history":[{"count":22,"href":"https:\/\/www.aguadbienesraices.com.ar\/blog\/wp-json\/wp\/v2\/pages\/33319\/revisions"}],"predecessor-version":[{"id":33791,"href":"https:\/\/www.aguadbienesraices.com.ar\/blog\/wp-json\/wp\/v2\/pages\/33319\/revisions\/33791"}],"wp:attachment":[{"href":"https:\/\/www.aguadbienesraices.com.ar\/blog\/wp-json\/wp\/v2\/media?parent=33319"}],"curies":[{"name":"wp","href":"https:\/\/api.w.org\/{rel}","templated":true}]}}